{"id":14561,"date":"2021-01-14T13:58:55","date_gmt":"2021-01-14T13:58:55","guid":{"rendered":"https:\/\/www.umv.gov.co\/portal\/?page_id=14561"},"modified":"2024-09-05T23:24:58","modified_gmt":"2024-09-05T23:24:58","slug":"control-7-3-planes-de-mejoramiento-2021","status":"publish","type":"page","link":"https:\/\/www.umv.gov.co\/portal\/control-7-3-planes-de-mejoramiento-2021\/","title":{"rendered":"Control &#8211;\t7.3 Planes de Mejoramiento 2021"},"content":{"rendered":"<div class=\"wpb-content-wrapper\"><p>[vc_row pix_particles_check=&#8221;&#8221; css=&#8221;.vc_custom_1725578680962{margin-top: -30px !important;}&#8221;][vc_column]<span class=\"pix-badge-element h6 d-inline-flex mr-1 \"  ><span class=\"badge font-weight-bold secondary-font  bg-secondary  vc_custom_1725578669505  \" style=\" \"><span class=\"text-white\" style=\"\">4.7.5 PLANES DE MEJORAMIENTO<\/span><\/span><\/span>[vc_tta_accordion section_title_tag=&#8221;h5&#8243; style=&#8221;modern&#8221; color=&#8221;white&#8221; c_icon=&#8221;&#8221; active_section=&#8221;&#8221; collapsible_all=&#8221;true&#8221;][vc_tta_section i_icon_fontawesome=&#8221;&#8221; add_icon=&#8221;true&#8221; title=&#8221;1. Derivados de auditor\u00edas ejecutadas por la Contralor\u00eda de Bogot\u00e1&#8221; tab_id=&#8221;Derivados-de-auditorias-ejecutadas-por-la-Contraloria-de-Bogota&#8221;][vc_column_text]<\/p>\n<table width=\"836\" align=\"center\">\n<tbody>\n<tr>\n<td style=\"text-align: center;\" align=\"center\" width=\"70\">\n<div class=\"bs-shortcode-alert alert alert-warning\"><strong>C\u00d3DIGO<\/strong><\/div>\n<\/td>\n<td style=\"text-align: center;\" width=\"692\">\n<div class=\"bs-shortcode-alert alert alert-warning\"><strong>NOMBRE DEL INFORME<\/strong><\/div>\n<\/td>\n<td style=\"text-align: center;\" width=\"74\">\n<div class=\"bs-shortcode-alert alert alert-warning\"><strong>FORMATO<\/strong><\/div>\n<\/td>\n<\/tr>\n<tr>\n<td>\n<div class=\"bs-shortcode-alert alert alert-info\">7.3.1a<\/div>\n<\/td>\n<td>\n<div class=\"bs-shortcode-alert alert alert-info\">\n<p><a href=\"https:\/\/www.umv.gov.co\/portal\/wp-content\/uploads\/2021\/09\/7.3.1c-Plan-de-Mejoramiento-a-Auditoria-de-regularidad-PAD-2021-Contraloria-de-Bogota-Codigo-No-100.xlsx\">Plan de Mejoramiento a\u00a0Auditor\u00eda de regularidad PAD 2021 c\u00f3digo No 100<\/a><\/div>\n<\/td>\n<td>\n<div class=\"bs-shortcode-alert alert alert-info\">Excel<\/div>\n<\/td>\n<\/tr>\n<\/tbody>\n<\/table>\n<p>[\/vc_column_text][\/vc_tta_section][vc_tta_section i_icon_fontawesome=&#8221;&#8221; add_icon=&#8221;true&#8221; title=&#8221;2. Derivados de auditor\u00edas ejecutadas por la Oficina de Control Interno&#8221; tab_id=&#8221;Derivados-de-auditorias-ejecutadas-por-la-Oficina-de-Control-Interno&#8221;][vc_wp_text]<\/p>\n<table width=\"836\" align=\"center\">\n<tbody>\n<tr>\n<td style=\"text-align: center;\" align=\"center\" width=\"70\">\n<div class=\"bs-shortcode-alert alert alert-warning\"><strong>C\u00d3DIGO<\/strong><\/div>\n<\/td>\n<td style=\"text-align: center;\" width=\"692\">\n<div class=\"bs-shortcode-alert alert alert-warning\"><strong>NOMBRE DEL INFORME<\/strong><\/div>\n<\/td>\n<td style=\"text-align: center;\" width=\"74\">\n<div class=\"bs-shortcode-alert alert alert-warning\"><strong>FORMATO<\/strong><\/div>\n<\/td>\n<\/tr>\n<tr>\n<td>\n<div class=\"bs-shortcode-alert alert alert-info\">7.3.2a<\/div>\n<\/td>\n<td>\n<div class=\"bs-shortcode-alert alert alert-info\">\n<p><a href=\"https:\/\/www.umv.gov.co\/portal\/wp-content\/uploads\/2021\/02\/7.3.2a-Plan-de-Mejoramiento-Gesti\u00f3n-Contractual-GCON.xlsx\" target=\"_blank\" rel=\"noopener\">Seguimiento Mapa de Riesgos de Corrupci\u00f3n III Cuatrimestre de 2020<\/a><\/div>\n<\/td>\n<td>\n<div class=\"bs-shortcode-alert alert alert-info\">Excel<\/div>\n<\/td>\n<\/tr>\n<tr>\n<td>\n<div class=\"bs-shortcode-alert alert alert-info\">7.3.2b<\/div>\n<\/td>\n<td>\n<div class=\"bs-shortcode-alert alert alert-info\">\n<p><a href=\"https:\/\/www.umv.gov.co\/portal\/wp-content\/uploads\/2021\/02\/7.3.2b-Plan-de-Mejoramiento-proceso-producci\u00f3n-de-mezcla-y-provisi\u00f3n-de-maquinaria-y-equipo-PPMQ.xlsx\">Plan de Mejoramiento proceso producci\u00f3n de mezcla y provisi\u00f3n de maquinaria y equipo PPMQ<\/a><\/div>\n<\/td>\n<td>\n<div class=\"bs-shortcode-alert alert alert-info\">Excel<\/div>\n<\/td>\n<\/tr>\n<tr>\n<td>\n<div class=\"bs-shortcode-alert alert alert-info\">7.3.2c<\/div>\n<\/td>\n<td>\n<div class=\"bs-shortcode-alert alert alert-info\">\n<p><a href=\"https:\/\/www.umv.gov.co\/portal\/wp-content\/uploads\/2021\/05\/7.3.2-c-PLAN-DE-MEJORAMIENTO-PROCESO-ESTRATEGIA-Y-GOBIERNO-DE-TI-\u2013-EGTI-1.xlsx\">Plan de Mejoramiento Proceso Estrategia y Gobierno De TI \u2013 EGTI\u00a0<\/a><\/div>\n<\/td>\n<td>\n<div class=\"bs-shortcode-alert alert alert-info\">Excel<\/div>\n<\/td>\n<\/tr>\n<tr>\n<td>\n<div class=\"bs-shortcode-alert alert alert-info\">7.3.2d<\/div>\n<\/td>\n<td>\n<div class=\"bs-shortcode-alert alert alert-info\">\n<p><a href=\"https:\/\/www.umv.gov.co\/portal\/wp-content\/uploads\/2021\/07\/7.3.2d-Plan-de-mejoramiento-proceso-intervencion-de-la-malla-vial-IMVI..xlsx\">Plan de Mejoramiento Proceso Intervenci\u00f3n de la Malla Vial\u00a0 &#8211; IMVI<\/a><\/div>\n<\/td>\n<td>\n<div class=\"bs-shortcode-alert alert alert-info\">Excel<\/div>\n<\/td>\n<\/tr>\n<tr>\n<td>\n<div class=\"bs-shortcode-alert alert alert-info\">7.3.2e<\/div>\n<\/td>\n<td>\n<div class=\"bs-shortcode-alert alert alert-info\">\n<p><a href=\"https:\/\/www.umv.gov.co\/portal\/wp-content\/uploads\/2021\/07\/7.3.2-e-Plan-de-mejoramiento-Proceso-DESI-derivado-de-un-traslado-de-la-auditoria-al-proceso-IMVI.xlsx\">Plan de Mejoramiento Proceso \u00a0DESI derivado de un traslado de\u00a0 la Auditor\u00eda Intervenci\u00f3n de la Malla Vial &#8211; IMVI.\u00a0<\/a><\/div>\n<\/td>\n<td>\n<div class=\"bs-shortcode-alert alert alert-info\">Excel<\/div>\n<\/td>\n<\/tr>\n<tr>\n<td>\n<div class=\"bs-shortcode-alert alert alert-info\">7.3.2f<\/div>\n<\/td>\n<td>\n<div class=\"bs-shortcode-alert alert alert-info\">\n<p>\u00a0<a href=\"https:\/\/www.umv.gov.co\/portal\/wp-content\/uploads\/2021\/07\/7.3.2-f-plan-de-mejoramiento-proceso-GLAB-derivado-de-un-traslado-de-la-auditoria-intervencion-de-la-malla-vial-IMVI.xlsx\">Plan de mejoramiento proceso GLAB derivado de un traslado de la auditor\u00eda a intervenci\u00f3n de la malla Vial &#8211; IMVI<\/a><\/div>\n<\/td>\n<td>\n<div class=\"bs-shortcode-alert alert alert-info\">Excel<\/div>\n<\/td>\n<\/tr>\n<tr>\n<td>\n<div class=\"bs-shortcode-alert alert alert-info\">7.3.2g<\/div>\n<\/td>\n<td>\n<div class=\"bs-shortcode-alert alert alert-info\">\n<p><a href=\"https:\/\/www.umv.gov.co\/portal\/wp-content\/uploads\/2022\/01\/7.3.2G-Plan-de-Mejoramiento-a-los-contratos-sindicales.xlsx\">Plan de Mejoramiento a los contratos sindicales<\/a><\/div>\n<\/td>\n<td>\n<div class=\"bs-shortcode-alert alert alert-info\">Excel<\/div>\n<\/td>\n<\/tr>\n<\/tbody>\n<\/table>\n<p>[\/vc_wp_text][\/vc_tta_section][vc_tta_section i_icon_fontawesome=&#8221;&#8221; add_icon=&#8221;true&#8221; title=&#8221;3. Derivados de visitas efectuadas por el Consejo Distrital de Archivos&#8221; tab_id=&#8221;Derivados-de-visitas-efectuadas-por-el-Consejo-Distrital-de-Archivos&#8221;][\/vc_tta_section][vc_tta_section i_icon_fontawesome=&#8221;&#8221; add_icon=&#8221;true&#8221; title=&#8221;4. Derivados de la autoevaluaci\u00f3n de los procesos&#8221; tab_id=&#8221;Derivados-de-la-autoevaluacion-de-los-procesos&#8221;][vc_column_text]<\/p>\n<table width=\"836\" align=\"center\">\n<tbody>\n<tr>\n<td style=\"text-align: center;\" align=\"center\" width=\"70\">\n<div class=\"bs-shortcode-alert alert alert-warning\"><strong>C\u00d3DIGO<\/strong><\/div>\n<\/td>\n<td style=\"text-align: center;\" width=\"692\">\n<div class=\"bs-shortcode-alert alert alert-warning\"><strong>NOMBRE DEL INFORME<\/strong><\/div>\n<\/td>\n<td style=\"text-align: center;\" width=\"74\">\n<div class=\"bs-shortcode-alert alert alert-warning\"><strong>FORMATO<\/strong><\/div>\n<\/td>\n<\/tr>\n<tr>\n<td>\n<div class=\"bs-shortcode-alert alert alert-info\">7.3.4a<\/div>\n<\/td>\n<td>\n<div class=\"bs-shortcode-alert alert alert-info\">\n<p><a href=\"https:\/\/www.umv.gov.co\/portal\/wp-content\/uploads\/2021\/04\/7.3.4.a-plan-de-mejoramiento-Auditoria-GLAB.xlsx\" target=\"_blank\" rel=\"noopener\">Plan de Mejoramiento auditor\u00eda Gesti\u00f3n de Laboratorio -GLAB<\/a><\/div>\n<\/td>\n<td>\n<div class=\"bs-shortcode-alert alert alert-info\">Excel<\/div>\n<\/td>\n<\/tr>\n<\/tbody>\n<\/table>\n<p>[\/vc_column_text][\/vc_tta_section][\/vc_tta_accordion][\/vc_column][\/vc_row][vc_row pix_particles_check=&#8221;&#8221;][vc_column][\/vc_column][\/vc_row]<\/p>\n<\/div>","protected":false},"excerpt":{"rendered":"[vc_row pix_particles_check=&#8221;&#8221; css=&#8221;.vc_custom_1725578680962{margin-top: -30px !important;}&#8221;][vc_column][vc_tta_accordion section_title_tag=&#8221;h5&#8243; style=&#8221;modern&#8221; color=&#8221;white&#8221; c_icon=&#8221;&#8221; active_section=&#8221;&#8221; collapsible_all=&#8221;true&#8221;][vc_tta_section i_icon_fontawesome=&#8221;&#8221; add_icon=&#8221;true&#8221; title=&#8221;1. Derivados de auditor\u00edas ejecutadas por la Contralor\u00eda de Bogot\u00e1&#8221; tab_id=&#8221;Derivados-de-auditorias-ejecutadas-por-la-Contraloria-de-Bogota&#8221;][vc_column_text] C\u00d3DIGO NOMBRE DEL INFORME FORMATO 7.3.1a Plan de Mejoramiento a\u00a0Auditor\u00eda de regularidad PAD 2021 c\u00f3digo No&#8230;","protected":false},"author":1,"featured_media":0,"parent":0,"menu_order":0,"comment_status":"closed","ping_status":"closed","template":"","meta":{"_monsterinsights_skip_tracking":false,"_monsterinsights_sitenote_active":false,"_monsterinsights_sitenote_note":"","_monsterinsights_sitenote_category":0,"footnotes":""},"class_list":["post-14561","page","type-page","status-publish","hentry"],"_links":{"self":[{"href":"https:\/\/www.umv.gov.co\/portal\/wp-json\/wp\/v2\/pages\/14561","targetHints":{"allow":["GET"]}}],"collection":[{"href":"https:\/\/www.umv.gov.co\/portal\/wp-json\/wp\/v2\/pages"}],"about":[{"href":"https:\/\/www.umv.gov.co\/portal\/wp-json\/wp\/v2\/types\/page"}],"author":[{"embeddable":true,"href":"https:\/\/www.umv.gov.co\/portal\/wp-json\/wp\/v2\/users\/1"}],"replies":[{"embeddable":true,"href":"https:\/\/www.umv.gov.co\/portal\/wp-json\/wp\/v2\/comments?post=14561"}],"version-history":[{"count":0,"href":"https:\/\/www.umv.gov.co\/portal\/wp-json\/wp\/v2\/pages\/14561\/revisions"}],"wp:attachment":[{"href":"https:\/\/www.umv.gov.co\/portal\/wp-json\/wp\/v2\/media?parent=14561"}],"curies":[{"name":"wp","href":"https:\/\/api.w.org\/{rel}","templated":true}]}}