{"id":1421,"date":"2017-05-06T01:30:28","date_gmt":"2017-05-06T01:30:28","guid":{"rendered":"https:\/\/www.umv.gov.co\/portal\/?page_id=1421"},"modified":"2024-08-30T22:48:53","modified_gmt":"2024-08-30T22:48:53","slug":"planes-institucionales","status":"publish","type":"page","link":"https:\/\/www.umv.gov.co\/portal\/planes-institucionales\/","title":{"rendered":"Planes Institucionales"},"content":{"rendered":"<div class=\"wpb-content-wrapper\"><p>[vc_row pix_particles_check=&#8221;&#8221; css=&#8221;.vc_custom_1725058131659{margin-top: -20px !important;}&#8221;][vc_column width=&#8221;1\/3&#8243;]<span class=\"pix-badge-element h5 d-inline-flex mr-1 \"  ><span class=\"badge font-weight-bold secondary-font  bg-secondary  vc_custom_1725057727538  \" style=\" \"><span class=\"text-white\" style=\"\">Plan Distrital de Desarrollo 2020 -2024<\/span><\/span><\/span>[vc_text_separator title=&#8221;&#8221;][vc_btn title=&#8221;Proyecto de Plan de Desarrollo 2020 &#8211; 2024&#8243; style=&#8221;gradient-custom&#8221; gradient_custom_color_2=&#8221;#a9b71b&#8221; align=&#8221;center&#8221; link=&#8221;url:https%3A%2F%2Fbogota.gov.co%2Fyo-participo%2Fplan-desarrollo-claudia-lopez-2020-2024%2F|title:Plan%20Distrital%20de%20Desarrollo|target:_blank&#8221;][vc_btn title=&#8221;Acuerdo No. 761 de 2020&#8243; style=&#8221;gradient-custom&#8221; gradient_custom_color_2=&#8221;#a9b71b&#8221; align=&#8221;center&#8221; link=&#8221;url:https%3A%2F%2Fwww.umv.gov.co%2Fportal%2Fwp-content%2Fuploads%2F2020%2F07%2FAcuerdo-No.-761-de-2020.pdf|title:Plan%20Distrital%20de%20Desarrollo|target:%20_blank|&#8221;][\/vc_column][vc_column width=&#8221;1\/3&#8243;]<div class=\"pix-element-div w-100 text-center\"><span class=\"pix-badge-element h5 d-inline-flex mr-1 \"  ><span class=\"badge font-weight-bold secondary-font  bg-secondary  vc_custom_1725058072323  \" style=\" \"><span class=\"text-white\" style=\"\">Planes de Acci\u00f3n:<\/span><\/span><\/span><\/div>[vc_text_separator title=&#8221;&#8221;][vc_btn title=&#8221;Descargar Plan de Acci\u00f3n 2020&#8243; style=&#8221;gradient-custom&#8221; gradient_custom_color_2=&#8221;#a9b71b&#8221; size=&#8221;lg&#8221; align=&#8221;center&#8221; link=&#8221;url:https%3A%2F%2Fwww.umv.gov.co%2Fportal%2Fwp-content%2Fuploads%2F2020%2F02%2FPlandeAccionUAERMV_2020-2.xlsx|title:Planes%20de%20Acci%C3%B3n|target:%20_blank|&#8221;][\/vc_column][vc_column width=&#8221;1\/3&#8243;]<div class=\"pix-element-div w-100 text-center\"><span class=\"pix-badge-element h5 d-inline-flex mr-1 \"  ><span class=\"badge font-weight-bold secondary-font  bg-secondary  vc_custom_1725058079450  \" style=\" \"><span class=\"text-white\" style=\"\">Plan Estrat\u00e9gico Institucional:<\/span><\/span><\/span><\/div>[vc_text_separator title=&#8221;&#8221;][vc_btn title=&#8221;Descargar Plan Estrat\u00e9gico Institucional 2020&#8243; style=&#8221;gradient-custom&#8221; gradient_custom_color_2=&#8221;#a9b71b&#8221; size=&#8221;lg&#8221; align=&#8221;center&#8221; link=&#8221;url:https%3A%2F%2Fwww.umv.gov.co%2Fportal%2Fwp-content%2Fuploads%2F2020%2F02%2FPlanestrategico2020.xlsx||target:%20_blank|&#8221;][\/vc_column][\/vc_row][vc_row pix_particles_check=&#8221;&#8221;][vc_column width=&#8221;1\/3&#8243;]<span class=\"pix-badge-element h5 d-inline-flex mr-1 \"  ><span class=\"badge font-weight-bold secondary-font  bg-secondary  vc_custom_1725057990844  \" style=\" \"><span class=\"text-white\" style=\"\">Plan Distrital de Desarrollo 2016 -2020<\/span><\/span><\/span>[vc_text_separator title=&#8221;&#8221;][vc_btn title=&#8221;Descargar Plan Distrital de Desarrollo Tomo 1&#8243; style=&#8221;gradient-custom&#8221; gradient_custom_color_2=&#8221;#a9b71b&#8221; align=&#8221;center&#8221; link=&#8221;url:https%3A%2F%2Fbogota.gov.co%2Fsites%2Fdefault%2Ffiles%2Facuerdo-761-de-2020-pdd.pdf|title:Plan%20Distrital%20de%20Desarrollo|target:_blank&#8221;][vc_btn title=&#8221;Descargar Plan Distrital de Desarrollo Tomo 2&#8243; style=&#8221;gradient-custom&#8221; gradient_custom_color_2=&#8221;#a9b71b&#8221; align=&#8221;center&#8221; link=&#8221;url:https%3A%2F%2Fbogota.gov.co%2Fsites%2Fdefault%2Ffiles%2Facuerdo-761-de-2020-pdd.pdf|title:Plan%20Distrital%20de%20Desarrollo|target:_blank&#8221;][vc_btn title=&#8221;Acuerdo 645 de 2016 Por el cual se adopta el Plan de Desarrollo econ\u00f3mico, social, ambiental y de obras p\u00fablicas para Bogot\u00e1 D.C. 2016 &#8211; 2020 &#8220;Bogot\u00e1 Mejor Para Todos&#8220;.&#8221; style=&#8221;gradient-custom&#8221; gradient_custom_color_2=&#8221;#a9b71b&#8221; align=&#8221;center&#8221; link=&#8221;url:https%3A%2F%2Fwww.alcaldiabogota.gov.co%2Fsisjur%2Fnormas%2FNorma1.jsp%3Fi%3D66271%26dt%3DS|title:Plan%20Distrital%20de%20Desarrollo|target:_blank&#8221;][\/vc_column][vc_column width=&#8221;1\/3&#8243;]<div class=\"pix-element-div w-100 text-center\"><span class=\"pix-badge-element h5 d-inline-flex mr-1 \"  ><span class=\"badge font-weight-bold secondary-font  bg-secondary  vc_custom_1725058065434  \" style=\" \"><span class=\"text-white\" style=\"\">Planes de Acci\u00f3n<\/span><\/span><\/span><\/div>[vc_text_separator title=&#8221;&#8221;][vc_btn title=&#8221;Descargar Plan de Acci\u00f3n 2020&#8243; style=&#8221;gradient-custom&#8221; gradient_custom_color_2=&#8221;#a9b71b&#8221; size=&#8221;lg&#8221; align=&#8221;center&#8221; link=&#8221;url:https%3A%2F%2Fwww.umv.gov.co%2Fportal%2Fwp-content%2Fuploads%2F2019%2F02%2FPlan-de-Acci%C3%B3n-2019.xlsx|title:Planes%20de%20Acci%C3%B3n|target:%20_blank|&#8221;][\/vc_column][vc_column width=&#8221;1\/3&#8243;]<div class=\"pix-element-div w-100 text-center\"><span class=\"pix-badge-element h5 d-inline-flex mr-1 \"  ><span class=\"badge font-weight-bold secondary-font  bg-secondary  vc_custom_1725058086366  \" style=\" \"><span class=\"text-white\" style=\"\">Plan Estrat\u00e9gico Institucional<\/span><\/span><\/span><\/div>[vc_text_separator title=&#8221;&#8221;][vc_btn title=&#8221;Descargar Plan Estrat\u00e9gico Institucional&#8221; style=&#8221;gradient-custom&#8221; gradient_custom_color_2=&#8221;#a9b71b&#8221; size=&#8221;lg&#8221; align=&#8221;center&#8221; link=&#8221;url:https%3A%2F%2Fwww.umv.gov.co%2Fportal%2Fwp-content%2Fuploads%2F2020%2F02%2FPlandeAccionUAERMV_2020-2.xlsx||target:%20_blank|&#8221;][\/vc_column][vc_column][\/vc_column][\/vc_row]<\/p>\n<\/div>","protected":false},"excerpt":{"rendered":"[vc_row pix_particles_check=&#8221;&#8221; css=&#8221;.vc_custom_1725058131659{margin-top: -20px !important;}&#8221;][vc_column width=&#8221;1\/3&#8243;][vc_text_separator title=&#8221;&#8221;][vc_btn title=&#8221;Proyecto de Plan de Desarrollo 2020 &#8211; 2024&#8243; style=&#8221;gradient-custom&#8221; gradient_custom_color_2=&#8221;#a9b71b&#8221; align=&#8221;center&#8221; link=&#8221;url:https%3A%2F%2Fbogota.gov.co%2Fyo-participo%2Fplan-desarrollo-claudia-lopez-2020-2024%2F|title:Plan%20Distrital%20de%20Desarrollo|target:_blank&#8221;][vc_btn title=&#8221;Acuerdo No. 761 de 2020&#8243; style=&#8221;gradient-custom&#8221; gradient_custom_color_2=&#8221;#a9b71b&#8221; align=&#8221;center&#8221; link=&#8221;url:https%3A%2F%2Fwww.umv.gov.co%2Fportal%2Fwp-content%2Fuploads%2F2020%2F07%2FAcuerdo-No.-761-de-2020.pdf|title:Plan%20Distrital%20de%20Desarrollo|target:%20_blank|&#8221;][\/vc_column][vc_column width=&#8221;1\/3&#8243;][vc_text_separator title=&#8221;&#8221;][vc_btn title=&#8221;Descargar Plan de Acci\u00f3n 2020&#8243; style=&#8221;gradient-custom&#8221; gradient_custom_color_2=&#8221;#a9b71b&#8221; size=&#8221;lg&#8221; align=&#8221;center&#8221; link=&#8221;url:https%3A%2F%2Fwww.umv.gov.co%2Fportal%2Fwp-content%2Fuploads%2F2020%2F02%2FPlandeAccionUAERMV_2020-2.xlsx|title:Planes%20de%20Acci%C3%B3n|target:%20_blank|&#8221;][\/vc_column][vc_column&#8230;","protected":false},"author":1,"featured_media":0,"parent":0,"menu_order":0,"comment_status":"closed","ping_status":"closed","template":"","meta":{"_monsterinsights_skip_tracking":false,"_monsterinsights_sitenote_active":false,"_monsterinsights_sitenote_note":"","_monsterinsights_sitenote_category":0,"footnotes":""},"class_list":["post-1421","page","type-page","status-publish","hentry"],"_links":{"self":[{"href":"https:\/\/www.umv.gov.co\/portal\/wp-json\/wp\/v2\/pages\/1421","targetHints":{"allow":["GET"]}}],"collection":[{"href":"https:\/\/www.umv.gov.co\/portal\/wp-json\/wp\/v2\/pages"}],"about":[{"href":"https:\/\/www.umv.gov.co\/portal\/wp-json\/wp\/v2\/types\/page"}],"author":[{"embeddable":true,"href":"https:\/\/www.umv.gov.co\/portal\/wp-json\/wp\/v2\/users\/1"}],"replies":[{"embeddable":true,"href":"https:\/\/www.umv.gov.co\/portal\/wp-json\/wp\/v2\/comments?post=1421"}],"version-history":[{"count":0,"href":"https:\/\/www.umv.gov.co\/portal\/wp-json\/wp\/v2\/pages\/1421\/revisions"}],"wp:attachment":[{"href":"https:\/\/www.umv.gov.co\/portal\/wp-json\/wp\/v2\/media?parent=1421"}],"curies":[{"name":"wp","href":"https:\/\/api.w.org\/{rel}","templated":true}]}}