{"id":1413,"date":"2017-05-06T01:04:59","date_gmt":"2017-05-06T01:04:59","guid":{"rendered":"https:\/\/www.umv.gov.co\/portal\/?page_id=1413"},"modified":"2026-01-17T17:29:49","modified_gmt":"2026-01-17T17:29:49","slug":"plataforma-estrategica","status":"publish","type":"page","link":"https:\/\/www.umv.gov.co\/portal\/plataforma-estrategica\/","title":{"rendered":"Plataforma Estrat\u00e9gica"},"content":{"rendered":"<div class=\"wpb-content-wrapper\">[vc_row pix_particles_check=&#8221;&#8221; css=&#8221;.vc_custom_1725057423424{margin-top: -20px !important;}&#8221;][vc_column width=&#8221;1\/2&#8243;]<span class=\"pix-badge-element h5 d-inline-flex mr-1 \"  ><span class=\"badge font-weight-bold secondary-font  bg-secondary  vc_custom_1729893336804  \" style=\" \"><span class=\"text-white\" style=\"\">Misi\u00f3n:<\/span><\/span><\/span>[vc_column_text css=&#8221;.vc_custom_1768670860105{border-top-width: 1px !important;border-right-width: 1px !important;border-bottom-width: 1px !important;border-left-width: 1px !important;border-left-style: double !important;border-right-style: double !important;border-top-style: double !important;border-bottom-style: double !important;border-color: #000000 !important;}&#8221;]<div class=\"bs-shortcode-alert alert alert-simple\">Conservar y mejorar el patrimonio de la ciudad, representado en la infraestructura del espacio p\u00fablico para la movilidad sostenible, con el prop\u00f3sito de aportar seguridad, confianza y bienestar para la ciudadan\u00eda.<\/div>[\/vc_column_text]<span class=\"pix-badge-element h5 d-inline-flex mr-1 \"  ><span class=\"badge font-weight-bold secondary-font  bg-secondary  vc_custom_1729893347405  \" style=\" \"><span class=\"text-white\" style=\"\">Visi\u00f3n:<\/span><\/span><\/span>[vc_column_text css=&#8221;.vc_custom_1768670897180{border-top-width: 1px !important;border-right-width: 1px !important;border-bottom-width: 1px !important;border-left-width: 1px !important;border-left-style: double !important;border-right-style: double !important;border-top-style: double !important;border-bottom-style: double !important;border-color: #000000 !important;}&#8221;]<div class=\"bs-shortcode-alert alert alert-simple\">La Unidad de Mantenimiento Vial ser\u00e1 referente Nacional por su modelo de gesti\u00f3n de conservaci\u00f3n de la infraestructura del espacio p\u00fablico para la movilidad, que genera valor en el patrimonio p\u00fablico y facilita la conectividad multimodal, para el uso y disfrute de los habitantes de Bogot\u00e1 y la regi\u00f3n metropolitana, mediante soluciones innovadoras y sostenibles con tecnolog\u00edas de punta.<\/div>[\/vc_column_text][\/vc_column][vc_column width=&#8221;1\/2&#8243;][vc_column_text css=&#8221;.vc_custom_1729893387810{padding-top: 70px !important;}&#8221;]<iframe loading=\"lazy\" title=\"YouTube video player\" src=\"https:\/\/www.youtube.com\/embed\/tstoCzqGT8U?si=abpDT4RYN3DiLxj3\" width=\"560\" height=\"315\" frameborder=\"0\" allowfullscreen=\"allowfullscreen\"><\/iframe>[\/vc_column_text][\/vc_column][\/vc_row][vc_row pix_particles_check=&#8221;&#8221;][vc_column]<span class=\"pix-badge-element h5 d-inline-flex mr-1 \"  ><span class=\"badge font-weight-bold secondary-font  bg-secondary  vc_custom_1725056935346  \" style=\" \"><span class=\"text-white\" style=\"\">Norma de creaci\u00f3n y sus modificaciones:<\/span><\/span><\/span>[\/vc_column][\/vc_row][vc_row pix_particles_check=&#8221;&#8221;][vc_column width=&#8221;1\/4&#8243;][vc_btn title=&#8221;Acuerdo 012 de 2010&#8243; style=&#8221;gradient-custom&#8221; gradient_custom_color_2=&#8221;#e22c1f&#8221; align=&#8221;center&#8221; link=&#8221;url:https%3A%2F%2Fwww.umv.gov.co%2F_transparencia2017%2FTransparencia-Pagina-WEB%2F3.EstructuraOrganicayTalentoHumano%2F3.2FuncionesyDeberes%2FAcuerdo1220101.pdf|target:_blank&#8221;][\/vc_column][vc_column width=&#8221;1\/4&#8243;][vc_btn title=&#8221;Acuerdo 011 de 2010&#8243; style=&#8221;gradient-custom&#8221; gradient_custom_color_2=&#8221;#e22c1f&#8221; align=&#8221;center&#8221; link=&#8221;url:https%3A%2F%2Fwww.umv.gov.co%2F_transparencia2017%2FTransparencia-Pagina-WEB%2F3.EstructuraOrganicayTalentoHumano%2F3.2FuncionesyDeberes%2FAcuerdo011de2010.pdf|target:_blank&#8221;][\/vc_column][vc_column width=&#8221;1\/4&#8243;][vc_btn title=&#8221;Acuerdo 010 de 2010&#8243; style=&#8221;gradient-custom&#8221; gradient_custom_color_2=&#8221;#e22c1f&#8221; align=&#8221;center&#8221; link=&#8221;url:https%3A%2F%2Fwww.umv.gov.co%2F_transparencia2017%2FTransparencia-Pagina-WEB%2F3.EstructuraOrganicayTalentoHumano%2F3.2FuncionesyDeberes%2FAcuerdo010de2010.pdf|target:_blank&#8221;][\/vc_column][vc_column width=&#8221;1\/4&#8243;][vc_btn title=&#8221;Acuerdo 007 de 2017&#8243; style=&#8221;gradient-custom&#8221; gradient_custom_color_2=&#8221;#e22c1f&#8221; align=&#8221;center&#8221; link=&#8221;url:https%3A%2F%2Fwww.umv.gov.co%2F_transparencia2017%2FTransparencia-Pagina-WEB%2F3.EstructuraOrganicayTalentoHumano%2F3.2FuncionesyDeberes%2FAcuerdo007de2017.pdf|target:_blank&#8221;][\/vc_column][\/vc_row][vc_row pix_particles_check=&#8221;&#8221; css=&#8221;.vc_custom_1725057396835{margin-top: 30px !important;margin-bottom: 20px !important;}&#8221;][vc_column]<span class=\"pix-badge-element h5 d-inline-flex mr-1 \"  ><span class=\"badge font-weight-bold secondary-font  bg-secondary  vc_custom_1728395610346  \" style=\" \"><span class=\"text-white\" style=\"\">Valores Institucionales:<\/span><\/span><\/span>[\/vc_column][\/vc_row][vc_row pix_particles_check=&#8221;&#8221; css=&#8221;.vc_custom_1727973441616{margin-top: 10px !important;margin-bottom: 20px !important;}&#8221;][vc_column]<span class=\"pix-badge-element h6 d-inline-flex mr-1 \"  ><span class=\"badge font-weight-bold secondary-font   vc_custom_1725057150982  \" style=\"background:#DE3230; \"><span class=\"text-white\" style=\"\">COMPROMISO<\/span><\/span><\/span><span class=\"pix-badge-element h6 d-inline-flex mr-1 \"  ><span class=\"badge font-weight-bold secondary-font   vc_custom_1725057163526  \" style=\"background:#DE3230; \"><span class=\"text-white\" style=\"\">DILIGENCIA<\/span><\/span><\/span><span class=\"pix-badge-element h6 d-inline-flex mr-1 \"  ><span class=\"badge font-weight-bold secondary-font   vc_custom_1725057175598  \" style=\"background:#DE3230; \"><span class=\"text-white\" style=\"\">JUSTICIA<\/span><\/span><\/span><span class=\"pix-badge-element h6 d-inline-flex mr-1 \"  ><span class=\"badge font-weight-bold secondary-font   vc_custom_1725057188358  \" style=\"background:#DE3230; \"><span class=\"text-white\" style=\"\">TRABAJO EN EQUIPO<\/span><\/span><\/span><span class=\"pix-badge-element h6 d-inline-flex mr-1 \"  ><span class=\"badge font-weight-bold secondary-font   vc_custom_1725057197527  \" style=\"background:#DE3230; \"><span class=\"text-white\" style=\"\">TRANSPARENCIA<\/span><\/span><\/span><span class=\"pix-badge-element h6 d-inline-flex mr-1 \"  ><span class=\"badge font-weight-bold secondary-font   vc_custom_1725057227262  \" style=\"background:#DE3230; \"><span class=\"text-white\" style=\"\">HONESTIDAD<\/span><\/span><\/span><span class=\"pix-badge-element h6 d-inline-flex mr-1 \"  ><span class=\"badge font-weight-bold secondary-font   vc_custom_1725057233615  \" style=\"background:#DE3230; \"><span class=\"text-white\" style=\"\">RESPETO<\/span><\/span><\/span><span class=\"pix-badge-element h6 d-inline-flex mr-1 \"  ><span class=\"badge font-weight-bold secondary-font   vc_custom_1727973300961  \" style=\"background:#DE3230; \"><span class=\"text-white\" style=\"\">INTEGRIDAD<\/span><\/span><\/span><span class=\"pix-badge-element h6 d-inline-flex mr-1 \"  ><span class=\"badge font-weight-bold secondary-font   vc_custom_1727973334626  \" style=\"background:#DE3230; \"><span class=\"text-white\" style=\"\">SOSTENIBILIDAD<\/span><\/span><\/span>[\/vc_column][\/vc_row][vc_row pix_particles_check=&#8221;&#8221; css=&#8221;.vc_custom_1728392718901{margin-top: 0px !important;margin-bottom: 0px !important;}&#8221;][vc_column][vc_column_text css=&#8221;&#8221;]<img loading=\"lazy\" decoding=\"async\" class=\"aligncenter wp-image-43193 size-full\" src=\"https:\/\/www.umv.gov.co\/portal\/wp-content\/uploads\/2024\/10\/Arbol-9-valores-institucionales-UAERMVp.jpg\" alt=\"Valores institucionales UAERMV\" width=\"650\" height=\"659\" srcset=\"https:\/\/www.umv.gov.co\/portal\/wp-content\/uploads\/2024\/10\/Arbol-9-valores-institucionales-UAERMVp.jpg 650w, https:\/\/www.umv.gov.co\/portal\/wp-content\/uploads\/2024\/10\/Arbol-9-valores-institucionales-UAERMVp-296x300.jpg 296w, https:\/\/www.umv.gov.co\/portal\/wp-content\/uploads\/2024\/10\/Arbol-9-valores-institucionales-UAERMVp-75x75.jpg 75w\" sizes=\"auto, (max-width: 650px) 100vw, 650px\" \/>[\/vc_column_text][\/vc_column][\/vc_row][vc_row pix_particles_check=&#8221;&#8221;][vc_column]<div id=\"img-b2a3438896df853bc367c88250b00962\" class=\"pix-img-element pix-img-div  text-left \"><div class=\"pix-img-el     text-center d-inline-block   rounded-0\"  ><\/div><\/div>[\/vc_column][\/vc_row][vc_row pix_particles_check=&#8221;&#8221; css=&#8221;.vc_custom_1728392698940{margin-top: -20px !important;}&#8221;][vc_column]<span class=\"pix-badge-element h5 d-inline-flex mr-1 \"  ><span class=\"badge font-weight-bold secondary-font  bg-secondary  vc_custom_1727913166035  \" style=\" \"><span class=\"text-white\" style=\"\">Objetivo general:<\/span><\/span><\/span>[vc_column_text css=&#8221;.vc_custom_1768670953543{border-top-width: 1px !important;border-right-width: 1px !important;border-bottom-width: 1px !important;border-left-width: 1px !important;border-left-style: double !important;border-right-style: double !important;border-top-style: double !important;border-bottom-style: double !important;border-color: #000000 !important;}&#8221;]<div class=\"bs-shortcode-alert alert alert-alert\">Fortalecer el modelo de gesti\u00f3n operacional, administrativo y financiero para la conservaci\u00f3n de la infraestructura del espacio p\u00fablico para la movilidad.<\/div>[\/vc_column_text]<span class=\"pix-badge-element h5 d-inline-flex mr-1 \"  ><span class=\"badge font-weight-bold secondary-font  bg-secondary  vc_custom_1727913186326  \" style=\" \"><span class=\"text-white\" style=\"\">Objetivos espec\u00edficos:<\/span><\/span><\/span>[vc_column_text css=&#8221;.vc_custom_1768670985597{border-top-width: 1px !important;border-right-width: 1px !important;border-bottom-width: 1px !important;border-left-width: 1px !important;border-left-style: double !important;border-right-style: double !important;border-top-style: double !important;border-bottom-style: double !important;border-color: #000000 !important;}&#8221;]<div class=\"bs-shortcode-alert alert alert-alert\">\n\n1) Contar con un centro de monitoreo y control que permita la planeaci\u00f3n, alistamiento y ejecuci\u00f3n de las obras con el fin de tomar decisiones informadas en tiempo real, que facilite la coordinaci\u00f3n interinstitucional e interoperabilidad.\n\n2) Fortalecer la capacidad operativa, log\u00edstica y productiva a trav\u00e9s la adquisici\u00f3n y renovaci\u00f3n de la maquinaria, veh\u00edculos y equipos, disminuyendo la emisi\u00f3n de gases efecto invernadero y costos de operaci\u00f3n.\n\n3) Fortalecer t\u00e9cnica y organizacionalmente a la Unidad a partir del impulso a la investigaci\u00f3n, el desarrollo de productos y servicios, la modernizaci\u00f3n tecnol\u00f3gica y la innovaci\u00f3n en materiales y m\u00e9todos, su laboratorio para el control de calidad y su capacidad para ejecutar obras.\n\n4) Incrementar la credibilidad, la reputaci\u00f3n, la confianza, la legitimidad y el buen nombre de la Unidad a trav\u00e9s de mecanismos de cumplimiento regulatorio de gesti\u00f3n de la integridad y la mitigaci\u00f3n de los riesgos.\n\n5) Adecuar la infraestructura que facilite la conectividad multimodal en el espacio p\u00fablico de manera articulada con otras entidades.\n\n6) Generar una propuesta de pol\u00edtica p\u00fablica en el Distrito para la conservaci\u00f3n de la infraestructura para la movilidad\n\n<\/div>[\/vc_column_text][\/vc_column][\/vc_row]<\/div>","protected":false},"excerpt":{"rendered":"[vc_row pix_particles_check=&#8221;&#8221; css=&#8221;.vc_custom_1725057423424{margin-top: -20px !important;}&#8221;][vc_column width=&#8221;1\/2&#8243;][vc_column_text css=&#8221;.vc_custom_1768670860105{border-top-width: 1px !important;border-right-width: 1px !important;border-bottom-width: 1px !important;border-left-width: 1px !important;border-left-style: double !important;border-right-style: double !important;border-top-style: double !important;border-bottom-style: double !important;border-color: #000000 !important;}&#8221;]Conservar y mejorar el patrimonio de la ciudad, representado en la infraestructura del espacio p\u00fablico para&#8230;","protected":false},"author":1,"featured_media":0,"parent":0,"menu_order":0,"comment_status":"closed","ping_status":"closed","template":"","meta":{"_monsterinsights_skip_tracking":false,"_monsterinsights_sitenote_active":false,"_monsterinsights_sitenote_note":"","_monsterinsights_sitenote_category":0,"footnotes":""},"class_list":["post-1413","page","type-page","status-publish","hentry"],"_links":{"self":[{"href":"https:\/\/www.umv.gov.co\/portal\/wp-json\/wp\/v2\/pages\/1413","targetHints":{"allow":["GET"]}}],"collection":[{"href":"https:\/\/www.umv.gov.co\/portal\/wp-json\/wp\/v2\/pages"}],"about":[{"href":"https:\/\/www.umv.gov.co\/portal\/wp-json\/wp\/v2\/types\/page"}],"author":[{"embeddable":true,"href":"https:\/\/www.umv.gov.co\/portal\/wp-json\/wp\/v2\/users\/1"}],"replies":[{"embeddable":true,"href":"https:\/\/www.umv.gov.co\/portal\/wp-json\/wp\/v2\/comments?post=1413"}],"version-history":[{"count":2,"href":"https:\/\/www.umv.gov.co\/portal\/wp-json\/wp\/v2\/pages\/1413\/revisions"}],"predecessor-version":[{"id":54146,"href":"https:\/\/www.umv.gov.co\/portal\/wp-json\/wp\/v2\/pages\/1413\/revisions\/54146"}],"wp:attachment":[{"href":"https:\/\/www.umv.gov.co\/portal\/wp-json\/wp\/v2\/media?parent=1413"}],"curies":[{"name":"wp","href":"https:\/\/api.w.org\/{rel}","templated":true}]}}