{"id":1338,"date":"2017-05-04T00:47:32","date_gmt":"2017-05-04T00:47:32","guid":{"rendered":"https:\/\/www.umv.gov.co\/portal\/?page_id=1338"},"modified":"2024-08-30T21:11:52","modified_gmt":"2024-08-30T21:11:52","slug":"citaciones","status":"publish","type":"page","link":"https:\/\/www.umv.gov.co\/portal\/citaciones\/","title":{"rendered":"Citaciones"},"content":{"rendered":"<div class=\"wpb-content-wrapper\"><p>[vc_row pix_particles_check=&#8221;&#8221; css=&#8221;.vc_custom_1725052303129{margin-top: -20px !important;}&#8221;][vc_column]<span class=\"pix-badge-element h5 d-inline-flex mr-1 \"  ><span class=\"badge font-weight-bold secondary-font  bg-secondary  vc_custom_1725052312145  \" style=\" \"><span class=\"text-white\" style=\"\">Citaciones<\/span><\/span><\/span>[vc_column_text css=&#8221;&#8221;]<\/p>\n<div align=\"justify\">De conformidad con la modificaci\u00f3n que la Ley 1437 de 2011 realiz\u00f3 a la forma de realizar la notificaci\u00f3n \u200b\u200bde los actos administrativos de car\u00e1cter particular y concreto, \u200by atendiendo las disposiciones del art\u00edculo 68 de la citada ley que establece que &#8220;Cuando se desconozca la informaci\u00f3n sobre el destinatario se\u00f1alada en el inciso anterior, la citaci\u00f3n se publicar\u00e1 en la p\u00e1gina electr\u00f3nica o en un lugar de acceso al p\u00fablico de la respectiva entidad por el t\u00e9rmino de cinco (5) d\u00edas.\u200b&#8221;, la UAERMV publica a continuaci\u00f3n las citaciones de que trata la norma mencionada:<\/div>\n<p>[\/vc_column_text][vc_text_separator title=&#8221;<b>Listado de Citaciones<\/b>&#8220;][vc_column_text]<\/p>\n<h6 class=\"bs-shortcode-alert alert alert-danger\" style=\"text-align: center;\"><strong>A la fecha no se encuentran Citaciones\u00a0 publicadas.<\/strong><\/h6>\n<p>[\/vc_column_text][\/vc_column][\/vc_row]<\/p>\n<\/div>","protected":false},"excerpt":{"rendered":"[vc_row pix_particles_check=&#8221;&#8221; css=&#8221;.vc_custom_1725052303129{margin-top: -20px !important;}&#8221;][vc_column][vc_column_text css=&#8221;&#8221;] De conformidad con la modificaci\u00f3n que la Ley 1437 de 2011 realiz\u00f3 a la forma de realizar la notificaci\u00f3n \u200b\u200bde los actos administrativos de car\u00e1cter particular y concreto, \u200by atendiendo las disposiciones del art\u00edculo&#8230;","protected":false},"author":1,"featured_media":0,"parent":0,"menu_order":0,"comment_status":"closed","ping_status":"closed","template":"","meta":{"_monsterinsights_skip_tracking":false,"_monsterinsights_sitenote_active":false,"_monsterinsights_sitenote_note":"","_monsterinsights_sitenote_category":0,"footnotes":""},"class_list":["post-1338","page","type-page","status-publish","hentry"],"_links":{"self":[{"href":"https:\/\/www.umv.gov.co\/portal\/wp-json\/wp\/v2\/pages\/1338","targetHints":{"allow":["GET"]}}],"collection":[{"href":"https:\/\/www.umv.gov.co\/portal\/wp-json\/wp\/v2\/pages"}],"about":[{"href":"https:\/\/www.umv.gov.co\/portal\/wp-json\/wp\/v2\/types\/page"}],"author":[{"embeddable":true,"href":"https:\/\/www.umv.gov.co\/portal\/wp-json\/wp\/v2\/users\/1"}],"replies":[{"embeddable":true,"href":"https:\/\/www.umv.gov.co\/portal\/wp-json\/wp\/v2\/comments?post=1338"}],"version-history":[{"count":0,"href":"https:\/\/www.umv.gov.co\/portal\/wp-json\/wp\/v2\/pages\/1338\/revisions"}],"wp:attachment":[{"href":"https:\/\/www.umv.gov.co\/portal\/wp-json\/wp\/v2\/media?parent=1338"}],"curies":[{"name":"wp","href":"https:\/\/api.w.org\/{rel}","templated":true}]}}