{"id":12421,"date":"2020-06-17T21:38:53","date_gmt":"2020-06-17T21:38:53","guid":{"rendered":"https:\/\/www.umv.gov.co\/portal\/?page_id=12421"},"modified":"2025-10-09T19:34:53","modified_gmt":"2025-10-09T19:34:53","slug":"accesibilidad","status":"publish","type":"page","link":"https:\/\/www.umv.gov.co\/portal\/accesibilidad\/","title":{"rendered":"Accesibilidad"},"content":{"rendered":"<div class=\"wpb-content-wrapper\"><p>[vc_row pix_particles_check=&#8221;&#8221; css=&#8221;.vc_custom_1725638395185{margin-top: -20px !important;}&#8221;][vc_column]<span class=\"pix-badge-element h6 d-inline-flex mr-1 \"  ><span class=\"badge font-weight-bold secondary-font  bg-secondary  vc_custom_1725637896541  \" style=\" \"><span class=\"text-white\" style=\"\">MEN\u00da DE ACCESIBILIDAD PARA LAS PERSONAS EN SITUACI\u00d3N DE DISCAPACIDAD<\/span><\/span><\/span>[vc_column_text]<\/p>\n<div class=\"bs-shortcode-alert alert alert-success\">El \u00a0sitio web de Unidad de Mantenimiento Vial presenta un men\u00fa de accesibilidad\u00a0con una opci\u00f3n de acceso que se encuentra ubicada en la parte superior derecha\u00a0\u00a0de todas las p\u00e1ginas la cual permite a los usuarios que tienen diversos grados de discapacidad mejorar la experiencia\u00a0 de navegaci\u00f3n, espec\u00edficamente para los usuarios con discapacidad visual o ceguera, usuarios de la tercera edad, tambi\u00e9n a los usuarios con movilidad reducida \u00a0y discapacidades temporales, el men\u00fa de accesibilidad permite activar\u00a0 todas las opciones disponibles o seleccionar espec\u00edficamente la opci\u00f3n requerida de acuerdo al siguiente listado.<\/div>\n<p>[\/vc_column_text][vc_column_text css=&#8221;&#8221;]<\/p>\n<p class=\"bs-shortcode-alert alert alert-danger\" style=\"text-align: center;\"><a href=\"https:\/\/www.umv.gov.co\/portal\/wp-content\/uploads\/2025\/08\/Certificado_Accesibilidad_UMV.pdf\" target=\"_blank\" rel=\"noopener\"><span style=\"color: #000000;\"><strong>&nbsp;Para Consultar el Certificado de Accesibilidad del Portal Web <\/strong><\/span><\/a><strong><a href=\"https:\/\/www.umv.gov.co\/portal\/wp-content\/uploads\/2025\/08\/Certificado_Accesibilidad_UMV.pdf\" target=\"_blank\" rel=\"noopener\">Clic aqu\u00ed<\/a><\/strong><\/p>\n<p>[\/vc_column_text][vc_column_text css=&#8221;&#8221;]<\/p>\n<p class=\"bs-shortcode-alert alert alert-danger\"><span style=\"color: #000000;\">Si se presenta alg\u00fan inconveniente para acceder a alg\u00fan contenido de la p\u00e1gina Web lo puede reportar al siguiente email:<\/span> <a href=\"mailto:atencionalciudadano@umv.gov.co\"><strong>atencionalciudadano@umv.gov.co<\/strong><\/a><\/p>\n<p>[\/vc_column_text][\/vc_column][\/vc_row][vc_row pix_particles_check=&#8221;&#8221;][vc_column width=&#8221;1\/3&#8243;]<span class=\"pix-badge-element h6 d-inline-flex mr-1 \"  ><span class=\"badge font-weight-bold secondary-font  bg-secondary  vc_custom_1725637975213  \" style=\" \"><span class=\"text-white\" style=\"\">NAVEGACI\u00d3N POR TECLADO<\/span><\/span><\/span>[vc_video link=&#8221;https:\/\/www.youtube.com\/watch?v=SPPU69VOYM8&#8243; css=&#8221;.vc_custom_1725637993604{margin-bottom: 1px !important;border-bottom-width: 1px !important;padding-bottom: 1px !important;}&#8221;][vc_column_text css=&#8221;.vc_custom_1592435910719{margin-top: 0px !important;margin-right: 0px !important;margin-left: 0px !important;border-top-width: 0px !important;border-right-width: 0px !important;border-left-width: 0px !important;padding-top: 0px !important;padding-right: 0px !important;padding-left: 0px !important;}&#8221;]<\/p>\n<div class=\"bs-shortcode-alert alert alert-success\">La opci\u00f3n permite la navegaci\u00f3n por la web utilizando \u00fanicamente el teclado.<\/div>\n<p>[\/vc_column_text][\/vc_column][vc_column width=&#8221;1\/3&#8243;]<span class=\"pix-badge-element h6 d-inline-flex mr-1 \"  ><span class=\"badge font-weight-bold secondary-font  bg-secondary  vc_custom_1725638015629  \" style=\" \"><span class=\"text-white\" style=\"\">CONTRASTE<\/span><\/span><\/span>[vc_video link=&#8221;https:\/\/www.youtube.com\/watch?v=cVsF6QLFJDA&#8221; css=&#8221;.vc_custom_1725638006353{margin-bottom: 0px !important;border-bottom-width: 0px !important;padding-bottom: 0px !important;}&#8221;][vc_column_text css=&#8221;.vc_custom_1592435915776{margin-top: 0px !important;margin-right: 0px !important;margin-bottom: 0px !important;margin-left: 0px !important;border-top-width: 0px !important;border-right-width: 0px !important;border-bottom-width: 0px !important;border-left-width: 0px !important;padding-top: 0px !important;padding-right: 0px !important;padding-bottom: 0px !important;padding-left: 0px !important;}&#8221;]<\/p>\n<div class=\"bs-shortcode-alert alert alert-success\">\n<p>La web presenta la opci\u00f3n de activar y cambiar los siguientes niveles de contraste: Oscuro, de luz, invertido y desaturar,<\/div>\n<p>[\/vc_column_text][\/vc_column][vc_column width=&#8221;1\/3&#8243;]<span class=\"pix-badge-element h6 d-inline-flex mr-1 \"  ><span class=\"badge font-weight-bold secondary-font  bg-secondary  vc_custom_1725638035781  \" style=\" \"><span class=\"text-white\" style=\"\">AUMENTAR TAMA\u00d1O DE TEXTO<\/span><\/span><\/span>[vc_video link=&#8221;https:\/\/www.youtube.com\/watch?v=ofxqZdlT_10&#8243; css=&#8221;.vc_custom_1725638022396{margin-bottom: 0px !important;border-bottom-width: 0px !important;padding-bottom: 0px !important;}&#8221;][vc_column_text css=&#8221;.vc_custom_1592435929047{margin-top: 0px !important;margin-right: 0px !important;margin-left: 0px !important;border-top-width: 0px !important;border-right-width: 0px !important;border-left-width: 0px !important;padding-top: 0px !important;padding-right: 0px !important;padding-left: 0px !important;}&#8221;]<\/p>\n<div class=\"bs-shortcode-alert alert alert-success\">La opci\u00f3n permite aumentar en 4 niveles el tama\u00f1o de texto legible.<\/div>\n<p>[\/vc_column_text][\/vc_column][\/vc_row][vc_row pix_particles_check=&#8221;&#8221;][vc_column width=&#8221;1\/3&#8243;]<span class=\"pix-badge-element h6 d-inline-flex mr-1 \"  ><span class=\"badge font-weight-bold secondary-font  bg-secondary  vc_custom_1725638215898  \" style=\" \"><span class=\"text-white\" style=\"\">FUENTES LEGIBLES<\/span><\/span><\/span>[vc_video link=&#8221;https:\/\/www.youtube.com\/watch?v=bz2g8Sffd1I&#8221; css=&#8221;.vc_custom_1725638221521{margin-bottom: 0px !important;border-bottom-width: 0px !important;padding-bottom: 0px !important;}&#8221;][vc_column_text css=&#8221;.vc_custom_1592435332096{margin-top: 0px !important;margin-right: 0px !important;margin-left: 0px !important;border-top-width: 0px !important;border-right-width: 0px !important;border-left-width: 0px !important;padding-top: 0px !important;padding-right: 0px !important;padding-left: 0px !important;}&#8221;]<\/p>\n<div class=\"bs-shortcode-alert alert alert-success\">La opci\u00f3n permite el cambio de texto a una fuente legible como son las serif y las sans serif.<\/div>\n<p>[\/vc_column_text][\/vc_column][vc_column width=&#8221;1\/3&#8243;]<span class=\"pix-badge-element h6 d-inline-flex mr-1 \"  ><span class=\"badge font-weight-bold secondary-font  bg-secondary  vc_custom_1725638277261  \" style=\" \"><span class=\"text-white\" style=\"\">DETENER ANIMACIONES<\/span><\/span><\/span>[vc_video link=&#8221;https:\/\/www.youtube.com\/watch?v=hPNzaakXI4M&#8221; css=&#8221;.vc_custom_1725638235857{margin-bottom: 1px !important;border-bottom-width: 1px !important;padding-bottom: 1px !important;}&#8221;][vc_column_text css=&#8221;.vc_custom_1592434501881{margin-top: 0px !important;margin-right: 0px !important;margin-left: 0px !important;border-top-width: 0px !important;border-right-width: 0px !important;border-left-width: 0px !important;padding-top: 0px !important;padding-right: 0px !important;padding-left: 0px !important;}&#8221;]<\/p>\n<div class=\"bs-shortcode-alert alert alert-success\">La opci\u00f3n permite el control para detener y\/o reproducir las animaciones que tiene la web.<\/div>\n<p>[\/vc_column_text][\/vc_column][vc_column width=&#8221;1\/3&#8243;]<span class=\"pix-badge-element h6 d-inline-flex mr-1 \"  ><span class=\"badge font-weight-bold secondary-font  bg-secondary  vc_custom_1725638294964  \" style=\" \"><span class=\"text-white\" style=\"\">ESPACIADO DE TEXTO<\/span><\/span><\/span>[vc_video link=&#8221;https:\/\/www.youtube.com\/watch?v=KmVJ_-8dmFI&#8221; css=&#8221;.vc_custom_1725638282772{margin-bottom: 0px !important;border-bottom-width: 0px !important;padding-bottom: 0px !important;}&#8221;][vc_column_text css=&#8221;.vc_custom_1592434584601{margin-top: 0px !important;margin-right: 0px !important;margin-bottom: 0px !important;margin-left: 0px !important;border-top-width: 0px !important;border-right-width: 0px !important;border-bottom-width: 0px !important;border-left-width: 0px !important;padding-top: 0px !important;padding-right: 0px !important;padding-bottom: 0px !important;padding-left: 0px !important;}&#8221;]<\/p>\n<div class=\"bs-shortcode-alert alert alert-success\">\n<p>La opci\u00f3n permite modificar el espaciado de texto de forma moderada, espaciado pesado y espaciado de luz.<\/div>\n<p>[\/vc_column_text][\/vc_column][\/vc_row][vc_row pix_particles_check=&#8221;&#8221;][vc_column width=&#8221;1\/3&#8243;]<span class=\"pix-badge-element h6 d-inline-flex mr-1 \"  ><span class=\"badge font-weight-bold secondary-font  bg-secondary  vc_custom_1725638324205  \" style=\" \"><span class=\"text-white\" style=\"\">LECTOR DE P\u00c1GINA<\/span><\/span><\/span>[vc_video link=&#8221;https:\/\/www.youtube.com\/watch?v=r5dYTX9_-5E&#8221; css=&#8221;.vc_custom_1725638313849{margin-bottom: 0px !important;border-bottom-width: 0px !important;padding-bottom: 0px !important;}&#8221;][vc_column_text css=&#8221;.vc_custom_1592433450107{margin-top: 0px !important;margin-right: 0px !important;margin-left: 0px !important;border-top-width: 0px !important;border-right-width: 0px !important;border-left-width: 0px !important;padding-top: 0px !important;padding-right: 0px !important;padding-left: 0px !important;}&#8221;]<\/p>\n<div class=\"bs-shortcode-alert alert alert-success\">La opci\u00f3n permite seleccionar 3 niveles de lectura: despacio, normal y r\u00e1pido en la cual\u00a0 una voz\u00a0 hace la lectura de los\u00a0 p\u00e1rrafos seleccionados del contenido \u00a0que tiene la web \u00a0o de los p\u00e1rrafos seleccionados\u00a0 para cada p\u00e1gina<\/div>\n<p>[\/vc_column_text][\/vc_column][vc_column width=&#8221;1\/3&#8243;]<span class=\"pix-badge-element h6 d-inline-flex mr-1 \"  ><span class=\"badge font-weight-bold secondary-font  bg-secondary  vc_custom_1725638352198  \" style=\" \"><span class=\"text-white\" style=\"\">REALCE DE ENLACES<\/span><\/span><\/span>[vc_video link=&#8221;https:\/\/www.youtube.com\/watch?v=cs7IY3vWOyo&#8221; css=&#8221;.vc_custom_1725638342257{margin-bottom: 1px !important;border-bottom-width: 1px !important;padding-bottom: 1px !important;}&#8221;][vc_column_text css=&#8221;.vc_custom_1592434721338{margin-top: 0px !important;margin-right: 0px !important;margin-left: 0px !important;border-top-width: 0px !important;border-right-width: 0px !important;border-left-width: 0px !important;padding-top: 0px !important;padding-right: 0px !important;padding-left: 0px !important;}&#8221;]<\/p>\n<div class=\"bs-shortcode-alert alert alert-success\">La opci\u00f3n permite resaltar en fondo de color negro y texto de color amarillo los v\u00ednculos de la web que tienen enlaces a m\u00e1s contenido.<\/div>\n<p>[\/vc_column_text][\/vc_column][vc_column width=&#8221;1\/3&#8243;]<span class=\"pix-badge-element h6 d-inline-flex mr-1 \"  ><span class=\"badge font-weight-bold secondary-font  bg-secondary  vc_custom_1725638376590  \" style=\" \"><span class=\"text-white\" style=\"\">GRAN CURSOR<\/span><\/span><\/span>[vc_video link=&#8221;https:\/\/www.youtube.com\/watch?v=SXQ9p1tBQRQ&#8221; css=&#8221;.vc_custom_1725638363745{margin-bottom: 0px !important;border-bottom-width: 0px !important;padding-bottom: 0px !important;}&#8221;][vc_column_text css=&#8221;.vc_custom_1592434361012{margin-top: 0px !important;margin-right: 0px !important;margin-bottom: 0px !important;margin-left: 0px !important;border-top-width: 0px !important;border-right-width: 0px !important;border-bottom-width: 0px !important;border-left-width: 0px !important;padding-top: 0px !important;padding-right: 0px !important;padding-bottom: 0px !important;padding-left: 0px !important;}&#8221;]<\/p>\n<div class=\"bs-shortcode-alert alert alert-success\">\n<p>Al activar la opci\u00f3n se visualiza el cursor en tama\u00f1o m\u00e1s grande para facilitar la ubicaci\u00f3n de las opciones en la web, como complemento de la opci\u00f3n se puede activar una l\u00ednea en color negro como gu\u00eda de control de lectura de la p\u00e1gina.<\/div>\n<p>[\/vc_column_text][\/vc_column][\/vc_row][vc_row pix_particles_check=&#8221;&#8221;][vc_column][\/vc_column][\/vc_row]<\/p>\n<\/div>","protected":false},"excerpt":{"rendered":"[vc_row pix_particles_check=&#8221;&#8221; css=&#8221;.vc_custom_1725638395185{margin-top: -20px !important;}&#8221;][vc_column][vc_column_text] El \u00a0sitio web de Unidad de Mantenimiento Vial presenta un men\u00fa de accesibilidad\u00a0con una opci\u00f3n de acceso que se encuentra ubicada en la parte superior derecha\u00a0\u00a0de todas las p\u00e1ginas la cual permite a los usuarios&#8230;","protected":false},"author":1,"featured_media":0,"parent":0,"menu_order":0,"comment_status":"closed","ping_status":"closed","template":"","meta":{"_monsterinsights_skip_tracking":false,"_monsterinsights_sitenote_active":false,"_monsterinsights_sitenote_note":"","_monsterinsights_sitenote_category":0,"footnotes":""},"class_list":["post-12421","page","type-page","status-publish","hentry"],"_links":{"self":[{"href":"https:\/\/www.umv.gov.co\/portal\/wp-json\/wp\/v2\/pages\/12421","targetHints":{"allow":["GET"]}}],"collection":[{"href":"https:\/\/www.umv.gov.co\/portal\/wp-json\/wp\/v2\/pages"}],"about":[{"href":"https:\/\/www.umv.gov.co\/portal\/wp-json\/wp\/v2\/types\/page"}],"author":[{"embeddable":true,"href":"https:\/\/www.umv.gov.co\/portal\/wp-json\/wp\/v2\/users\/1"}],"replies":[{"embeddable":true,"href":"https:\/\/www.umv.gov.co\/portal\/wp-json\/wp\/v2\/comments?post=12421"}],"version-history":[{"count":0,"href":"https:\/\/www.umv.gov.co\/portal\/wp-json\/wp\/v2\/pages\/12421\/revisions"}],"wp:attachment":[{"href":"https:\/\/www.umv.gov.co\/portal\/wp-json\/wp\/v2\/media?parent=12421"}],"curies":[{"name":"wp","href":"https:\/\/api.w.org\/{rel}","templated":true}]}}