{"id":11539,"date":"2020-03-02T16:01:11","date_gmt":"2020-03-02T16:01:11","guid":{"rendered":"https:\/\/www.umv.gov.co\/portal\/?page_id=11539"},"modified":"2024-09-05T23:25:59","modified_gmt":"2024-09-05T23:25:59","slug":"control-7-3-planes-de-mejoramiento-2020","status":"publish","type":"page","link":"https:\/\/www.umv.gov.co\/portal\/control-7-3-planes-de-mejoramiento-2020\/","title":{"rendered":"Control &#8211;\t7.3 Planes de Mejoramiento 2020"},"content":{"rendered":"<div class=\"wpb-content-wrapper\"><p>[vc_row pix_particles_check=&#8221;&#8221; css=&#8221;.vc_custom_1725578746040{margin-top: -20px !important;}&#8221;][vc_column]<span class=\"pix-badge-element h6 d-inline-flex mr-1 \"  ><span class=\"badge font-weight-bold secondary-font  bg-secondary  vc_custom_1725578736589  \" style=\" \"><span class=\"text-white\" style=\"\">4.7.5 PLANES DE MEJORAMIENTO<\/span><\/span><\/span>[vc_tta_accordion section_title_tag=&#8221;h5&#8243; style=&#8221;modern&#8221; color=&#8221;white&#8221; c_icon=&#8221;&#8221; active_section=&#8221;&#8221; collapsible_all=&#8221;true&#8221;][vc_tta_section i_icon_fontawesome=&#8221;fa fa-file-text-o&#8221; add_icon=&#8221;true&#8221; title=&#8221;1. Derivados de auditor\u00edas ejecutadas por la Contralor\u00eda de Bogot\u00e1&#8221; tab_id=&#8221;1551489587845-07dc7282-5fb9&#8243;][vc_column_text]<\/p>\n<table width=\"744\" align=\"center\">\n<tbody>\n<tr>\n<td style=\"text-align: center;\" width=\"80\">\n<div class=\"bs-shortcode-alert alert alert-warning\"><strong>C\u00d3DIGO<\/strong><\/div>\n<\/td>\n<td style=\"text-align: center;\" width=\"536\">\n<div class=\"bs-shortcode-alert alert alert-warning\"><strong>NOMBRE DEL INFORME<\/strong><\/div>\n<\/td>\n<td style=\"text-align: center;\" width=\"128\">\n<div class=\"bs-shortcode-alert alert alert-warning\"><strong>FORMATO\u00a0<\/strong><\/div>\n<\/td>\n<\/tr>\n<tr>\n<td>\n<div class=\"bs-shortcode-alert alert alert-info\">7.3.1a<\/div>\n<\/td>\n<td>\n<div class=\"bs-shortcode-alert alert alert-info\"><a href=\"https:\/\/www.umv.gov.co\/portal\/wp-content\/uploads\/2020\/07\/7.3.1.a-PM-Auditoria-Regularidad-pad-2020-Codigo-109-Contralor\u00eda.xlsx\">PM Auditor\u00eda\u00a0 Regularidad PAD- 2020 C\u00f3digo 109 Contralor\u00eda<\/a><\/div>\n<\/td>\n<td>\n<div class=\"bs-shortcode-alert alert alert-info\">Excel<\/div>\n<\/td>\n<\/tr>\n<tr>\n<td>\n<div class=\"bs-shortcode-alert alert alert-info\">7.3.1b<\/div>\n<\/td>\n<td>\n<div class=\"bs-shortcode-alert alert alert-info\"><a href=\"https:\/\/www.umv.gov.co\/portal\/wp-content\/uploads\/2020\/12\/7.3.1b-Plan-de-Mejoramiento-Auditor\u00eda-PAD-2020-codigo-115-Contralor\u00eda.xlsx\" target=\"_blank\" rel=\"noopener\">Plan de Mejoramiento Auditor\u00eda PAD 2020 c\u00f3digo 115 Contralor\u00eda<\/a><\/div>\n<\/td>\n<td>\n<div class=\"bs-shortcode-alert alert alert-info\">Excel<\/div>\n<\/td>\n<\/tr>\n<\/tbody>\n<\/table>\n<p>[\/vc_column_text][\/vc_tta_section][vc_tta_section i_icon_fontawesome=&#8221;fa fa-file-text-o&#8221; add_icon=&#8221;true&#8221; title=&#8221;2. Derivados de auditor\u00edas ejecutadas por la Oficina de Control Interno&#8221; tab_id=&#8221;1551489587917-587cd27f-2e3a&#8221;][vc_column_text]<\/p>\n<table width=\"850\" align=\"center\">\n<tbody>\n<tr>\n<td style=\"text-align: center;\" width=\"80\">\n<div class=\"bs-shortcode-alert alert alert-warning\"><strong>C\u00d3DIGO<\/strong><\/div>\n<\/td>\n<td style=\"text-align: center;\" width=\"536\">\n<div class=\"bs-shortcode-alert alert alert-warning\"><strong>NOMBRE DEL INFORME<\/strong><\/div>\n<\/td>\n<td style=\"text-align: center;\" width=\"128\">\n<div class=\"bs-shortcode-alert alert alert-warning\"><strong>FORMATO\u00a0<\/strong><\/div>\n<\/td>\n<\/tr>\n<tr>\n<td>\n<div class=\"bs-shortcode-alert alert alert-info\">7.3.2a<\/div>\n<\/td>\n<td>\n<div class=\"bs-shortcode-alert alert alert-info\"><a href=\"https:\/\/www.umv.gov.co\/portal\/wp-content\/uploads\/2020\/03\/PM-Gesti\u00f3n-Documental.xlsx\">PM Gesti\u00f3n Documental<\/a><\/div>\n<\/td>\n<td>\n<div class=\"bs-shortcode-alert alert alert-info\">Excel<\/div>\n<\/td>\n<\/tr>\n<tr>\n<td>\n<div class=\"bs-shortcode-alert alert alert-info\">7.3.2b<\/div>\n<\/td>\n<td>\n<div class=\"bs-shortcode-alert alert alert-info\">\n<p><a href=\"https:\/\/www.umv.gov.co\/portal\/wp-content\/uploads\/2020\/05\/7.3.2b-P.M.-DIRECCIONAMIENTO-ESTRAT\u00c9GICO-E-INNOVACI\u00d3N-PRODUCTO-TRASLADO-DE-HALLAZGO.xlsx\">Direccionamiento estrat\u00e9gico e innovaci\u00f3n, derivado del traslado de un hallazgo<\/a><\/div>\n<\/td>\n<td>\n<div class=\"bs-shortcode-alert alert alert-info\">Excel<\/div>\n<\/td>\n<\/tr>\n<tr>\n<td>\n<div class=\"bs-shortcode-alert alert alert-info\">7.3.2c<\/div>\n<\/td>\n<td>\n<div class=\"bs-shortcode-alert alert alert-info\">\n<p><a href=\"https:\/\/www.umv.gov.co\/portal\/wp-content\/uploads\/2020\/06\/7.3.2c-Plan-Mejoramiento-Atenci\u00f3n-a-Partes-Interesadas-y-Comunicaciones-APIC-1.xlsx\">Plan de mejoramiento\u00a0atenci\u00f3n a partes interesadas y comunicaciones \u2013\u00a0APIC.<\/a><\/div>\n<\/td>\n<td>\n<div class=\"bs-shortcode-alert alert alert-info\">Excel<\/div>\n<\/td>\n<\/tr>\n<tr>\n<td>\n<div class=\"bs-shortcode-alert alert alert-info\">7.3.2d<\/div>\n<\/td>\n<td>\n<div class=\"bs-shortcode-alert alert alert-info\">\n<p><a href=\"https:\/\/www.umv.gov.co\/portal\/wp-content\/uploads\/2020\/07\/7.3.2-d-PM._Gesti\u00f3n-ambiental-derivado-de-un-traslado-de-auditor\u00eda-GSIT.xlsx\">Plan de Mejoramiento Gesti\u00f3n Ambiental derivado\u00a0de un traslado de auditor\u00eda\u00a0\u00a0GSIT<\/a><\/div>\n<\/td>\n<td>\n<div class=\"bs-shortcode-alert alert alert-info\">Excel<\/div>\n<\/td>\n<\/tr>\n<tr>\n<td>\n<div class=\"bs-shortcode-alert alert alert-info\">7.3.2e<\/div>\n<\/td>\n<td>\n<div class=\"bs-shortcode-alert alert alert-info\">\n<p><a href=\"https:\/\/www.umv.gov.co\/portal\/wp-content\/uploads\/2020\/09\/7.3.2.e-Plan-de-Mejoramiento-del-proceso-Gesti\u00f3n-del-Talento-Humano-GTHU-componente-SST.xlsx\">Plan de Mejoramiento del proceso Gesti\u00f3n del Talento Humano (GTHU) componente SST<\/a><\/div>\n<\/td>\n<td>\n<div class=\"bs-shortcode-alert alert alert-info\">Excel<\/div>\n<\/td>\n<\/tr>\n<tr>\n<td>\n<div class=\"bs-shortcode-alert alert alert-info\">7.3.2f<\/div>\n<\/td>\n<td>\n<div class=\"bs-shortcode-alert alert alert-info\">\n<p><a href=\"https:\/\/www.umv.gov.co\/portal\/wp-content\/uploads\/2020\/10\/7.3.2f-PLAN-DE-MEJORAMIENTO-PROCESO-GESTI\u00d3N-FINANCIERA-GEFI.xlsx\">Plan de Mejoramiento\u00a0Proceso Gesti\u00f3n Financiera -GEFI\u00a0<\/a><\/div>\n<\/td>\n<td>\n<div class=\"bs-shortcode-alert alert alert-info\">Excel<\/div>\n<\/td>\n<\/tr>\n<tr>\n<td>\n<div class=\"bs-shortcode-alert alert alert-info\">7.3.2g<\/div>\n<\/td>\n<td>\n<div class=\"bs-shortcode-alert alert alert-info\">\n<p><a href=\"https:\/\/www.umv.gov.co\/portal\/wp-content\/uploads\/2020\/10\/7.3.2.g-Plan-de-Mejoramiento-proceso-GSIT.xlsx\">Plan de Mejoramiento proceso\u00a0gesti\u00f3n de servicios e infraestructura tecnol\u00f3gica-\u00a0GSIT<\/a><\/div>\n<\/td>\n<td>\n<div class=\"bs-shortcode-alert alert alert-info\">Excel<\/div>\n<\/td>\n<\/tr>\n<tr>\n<td>\n<div class=\"bs-shortcode-alert alert alert-info\">7.3.2h<\/div>\n<\/td>\n<td>\n<div class=\"bs-shortcode-alert alert alert-info\">\n<p><a href=\"https:\/\/www.umv.gov.co\/portal\/wp-content\/uploads\/2020\/10\/7.3.2.h-Plan-de-Mejoramiento-proceso-Gesti\u00f3n-Ambiental-GAM.xlsx\">Plan de Mejoramiento proceso gesti\u00f3n ambiental- GAM<\/a><\/div>\n<\/td>\n<td>\n<div class=\"bs-shortcode-alert alert alert-info\">Excel<\/div>\n<\/td>\n<\/tr>\n<tr>\n<td>\n<div class=\"bs-shortcode-alert alert alert-info\">7.3.2i<\/div>\n<\/td>\n<td>\n<div class=\"bs-shortcode-alert alert alert-info\">\n<p><a href=\"https:\/\/www.umv.gov.co\/portal\/wp-content\/uploads\/2020\/12\/7.3.2.i-Plan-de-Mejoramiento-proceso-CODI.xlsx\" target=\"_blank\" rel=\"noopener\">Plan de Mejoramiento proceso CODI<\/a><\/div>\n<\/td>\n<td>\n<div class=\"bs-shortcode-alert alert alert-info\">Excel<\/div>\n<\/td>\n<\/tr>\n<tr>\n<td>\n<div class=\"bs-shortcode-alert alert alert-info\">7.3.2j<\/div>\n<\/td>\n<td>\n<div class=\"bs-shortcode-alert alert alert-info\">\n<p><a href=\"https:\/\/www.umv.gov.co\/portal\/wp-content\/uploads\/2020\/12\/7.3.2j-plan-de-mejoramiento-Proceso-APIC.xlsx\">Plan de mejoramiento Proceso APIC<\/a><\/div>\n<\/td>\n<td>\n<div class=\"bs-shortcode-alert alert alert-info\">Excel<\/div>\n<\/td>\n<\/tr>\n<tr>\n<td>\n<div class=\"bs-shortcode-alert alert alert-info\">7.3.2k<\/div>\n<\/td>\n<td>\n<div class=\"bs-shortcode-alert alert alert-info\">\n<p><a href=\"https:\/\/www.umv.gov.co\/portal\/wp-content\/uploads\/2020\/12\/7.3.2K-Plan-de-Mejoramiento-Informe-evaluaci\u00f3n-independiente-del-sistema-de-control-Interno-UAERMV.xlsx\" target=\"_blank\" rel=\"noopener\">Plan de Mejoramiento Informe evaluaci\u00f3n independiente del sistema de control Interno UAERMV<\/a><\/div>\n<\/td>\n<td>\n<div class=\"bs-shortcode-alert alert alert-info\">Excel<\/div>\n<\/td>\n<\/tr>\n<tr>\n<td>\n<div class=\"bs-shortcode-alert alert alert-info\">7.3.2l<\/div>\n<\/td>\n<td>\n<div class=\"bs-shortcode-alert alert alert-info\">\n<p><a href=\"https:\/\/www.umv.gov.co\/portal\/wp-content\/uploads\/2020\/12\/7.3.2-L-Plan-de-Mejoramiento-Proceso-PPMQ-derivado-del-traslado-de-un-hallazgo-de-la-auditor\u00eda-GREF.xlsx\" target=\"_blank\" rel=\"noopener\">Plan de Mejoramiento Proceso PPMQ derivado del traslado de un hallazgo de la auditor\u00eda GREF<\/a><\/div>\n<\/td>\n<td>\n<div class=\"bs-shortcode-alert alert alert-info\">Excel<\/div>\n<\/td>\n<\/tr>\n<tr>\n<td>\n<div class=\"bs-shortcode-alert alert alert-info\">7.3.2m<\/div>\n<\/td>\n<td>\n<div class=\"bs-shortcode-alert alert alert-info\">\n<p><a href=\"https:\/\/www.umv.gov.co\/portal\/wp-content\/uploads\/2021\/01\/7.3.2m-Plan-de-mejoramiento-proceso-Gesti\u00f3n-de-Recursos-f\u00edsicos-GREF.xlsx\" target=\"_blank\" rel=\"noopener\">Plan de mejoramiento proceso Gesti\u00f3n de Recursos f\u00edsicos GREF<\/a><\/div>\n<\/td>\n<td>\n<div class=\"bs-shortcode-alert alert alert-info\">Excel<\/div>\n<\/td>\n<\/tr>\n<\/tbody>\n<\/table>\n<p>[\/vc_column_text][\/vc_tta_section][vc_tta_section i_icon_fontawesome=&#8221;fa fa-file-text-o&#8221; add_icon=&#8221;true&#8221; title=&#8221;3. Derivados de visitas efectuadas por el Consejo Distrital de Archivos&#8221; tab_id=&#8221;1551489588006-df32c489-bc9e&#8221;][vc_column_text]&nbsp;<\/p>\n<table width=\"744\" align=\"center\">\n<tbody>\n<tr>\n<td style=\"text-align: center;\" width=\"80\">\n<div class=\"bs-shortcode-alert alert alert-warning\"><strong>C\u00d3DIGO<\/strong><\/div>\n<\/td>\n<td style=\"text-align: center;\" width=\"536\">\n<div class=\"bs-shortcode-alert alert alert-warning\"><strong>NOMBRE DEL INFORME<\/strong><\/div>\n<\/td>\n<td style=\"text-align: center;\" width=\"128\">\n<div class=\"bs-shortcode-alert alert alert-warning\"><strong>FORMATO\u00a0<\/strong><\/div>\n<\/td>\n<\/tr>\n<tr>\n<td>\n<div class=\"bs-shortcode-alert alert alert-info\">7.3.3a<\/div>\n<\/td>\n<td>\n<div class=\"bs-shortcode-alert alert alert-info\"><a href=\"https:\/\/www.umv.gov.co\/portal\/wp-content\/uploads\/2020\/03\/PM-PM-Archivistico-Resultado-Visita-CDA-2019.xlsx\">PM Gesti\u00f3n Documental -Resultado Visita Consejo Distrital de Archivos 2019<\/a><\/div>\n<\/td>\n<td>\n<div class=\"bs-shortcode-alert alert alert-info\">Excel<\/div>\n<\/td>\n<\/tr>\n<tr>\n<td>\n<div class=\"bs-shortcode-alert alert alert-info\">7.3.3b<\/div>\n<\/td>\n<td>\n<div class=\"bs-shortcode-alert alert alert-info\"><a href=\"https:\/\/www.umv.gov.co\/portal\/wp-content\/uploads\/2020\/07\/7.3.3b-PM-Archivistico-seguimiento.xlsx\">Plan de Mejoramiento Archiv\u00edstico Seguimiento<\/a><\/div>\n<\/td>\n<td>\n<div class=\"bs-shortcode-alert alert alert-info\">Excel<\/div>\n<\/td>\n<\/tr>\n<\/tbody>\n<\/table>\n<p>[\/vc_column_text][\/vc_tta_section][vc_tta_section i_icon_fontawesome=&#8221;fa fa-file-text-o&#8221; add_icon=&#8221;true&#8221; title=&#8221;4. Derivados de la autoevaluaci\u00f3n de los procesos&#8221; tab_id=&#8221;1551626547598-96f756c6-bc07&#8243;][vc_column_text]&nbsp;<\/p>\n<table width=\"744\" align=\"center\">\n<tbody>\n<tr>\n<td style=\"text-align: center;\" width=\"80\">\n<div class=\"bs-shortcode-alert alert alert-warning\"><strong>C\u00d3DIGO<\/strong><\/div>\n<\/td>\n<td style=\"text-align: center;\" width=\"536\">\n<div class=\"bs-shortcode-alert alert alert-warning\"><strong>NOMBRE DEL INFORME<\/strong><\/div>\n<\/td>\n<td style=\"text-align: center;\" width=\"128\">\n<div class=\"bs-shortcode-alert alert alert-warning\"><strong>FORMATO\u00a0<\/strong><\/div>\n<\/td>\n<\/tr>\n<tr>\n<td>\n<div class=\"bs-shortcode-alert alert alert-info\">7.3.4a<\/div>\n<\/td>\n<td>\n<div class=\"bs-shortcode-alert alert alert-info\">\n<p><a href=\"https:\/\/www.umv.gov.co\/portal\/wp-content\/uploads\/2021\/01\/PLAN-DE-MEJORAMIENTO-MODIFICADO.xlsx\" target=\"_blank\" rel=\"noopener\">Plan De Mejoramiento\u00a0\u00a0Rendici\u00f3n De Cuentas<\/a><\/div>\n<\/td>\n<td>\n<div class=\"bs-shortcode-alert alert alert-info\">Excel<\/div>\n<\/td>\n<\/tr>\n<\/tbody>\n<\/table>\n<p>[\/vc_column_text][\/vc_tta_section][\/vc_tta_accordion][\/vc_column][\/vc_row][vc_row pix_particles_check=&#8221;&#8221;][vc_column][\/vc_column][\/vc_row]<\/p>\n<\/div>","protected":false},"excerpt":{"rendered":"[vc_row pix_particles_check=&#8221;&#8221; css=&#8221;.vc_custom_1725578746040{margin-top: -20px !important;}&#8221;][vc_column][vc_tta_accordion section_title_tag=&#8221;h5&#8243; style=&#8221;modern&#8221; color=&#8221;white&#8221; c_icon=&#8221;&#8221; active_section=&#8221;&#8221; collapsible_all=&#8221;true&#8221;][vc_tta_section i_icon_fontawesome=&#8221;fa fa-file-text-o&#8221; add_icon=&#8221;true&#8221; title=&#8221;1. Derivados de auditor\u00edas ejecutadas por la Contralor\u00eda de Bogot\u00e1&#8221; tab_id=&#8221;1551489587845-07dc7282-5fb9&#8243;][vc_column_text] C\u00d3DIGO NOMBRE DEL INFORME FORMATO\u00a0 7.3.1a PM Auditor\u00eda\u00a0 Regularidad PAD- 2020 C\u00f3digo 109 Contralor\u00eda Excel&#8230;","protected":false},"author":1,"featured_media":0,"parent":0,"menu_order":0,"comment_status":"closed","ping_status":"closed","template":"","meta":{"_monsterinsights_skip_tracking":false,"_monsterinsights_sitenote_active":false,"_monsterinsights_sitenote_note":"","_monsterinsights_sitenote_category":0,"footnotes":""},"class_list":["post-11539","page","type-page","status-publish","hentry"],"_links":{"self":[{"href":"https:\/\/www.umv.gov.co\/portal\/wp-json\/wp\/v2\/pages\/11539","targetHints":{"allow":["GET"]}}],"collection":[{"href":"https:\/\/www.umv.gov.co\/portal\/wp-json\/wp\/v2\/pages"}],"about":[{"href":"https:\/\/www.umv.gov.co\/portal\/wp-json\/wp\/v2\/types\/page"}],"author":[{"embeddable":true,"href":"https:\/\/www.umv.gov.co\/portal\/wp-json\/wp\/v2\/users\/1"}],"replies":[{"embeddable":true,"href":"https:\/\/www.umv.gov.co\/portal\/wp-json\/wp\/v2\/comments?post=11539"}],"version-history":[{"count":0,"href":"https:\/\/www.umv.gov.co\/portal\/wp-json\/wp\/v2\/pages\/11539\/revisions"}],"wp:attachment":[{"href":"https:\/\/www.umv.gov.co\/portal\/wp-json\/wp\/v2\/media?parent=11539"}],"curies":[{"name":"wp","href":"https:\/\/api.w.org\/{rel}","templated":true}]}}