{"id":11303,"date":"2020-02-12T20:03:14","date_gmt":"2020-02-12T20:03:14","guid":{"rendered":"https:\/\/www.umv.gov.co\/portal\/?page_id=11303"},"modified":"2026-03-12T19:03:26","modified_gmt":"2026-03-12T19:03:26","slug":"politica-riesgos","status":"publish","type":"page","link":"https:\/\/www.umv.gov.co\/portal\/politica-riesgos\/","title":{"rendered":"Politica Administraci\u00f3n De Riesgos"},"content":{"rendered":"<div class=\"wpb-content-wrapper\">[vc_row pix_particles_check=&#8221;&#8221;][vc_column]<span class=\"pix-badge-element h5 d-inline-flex mr-1 \"  ><span class=\"badge font-weight-bold secondary-font  bg-secondary  vc_custom_1725062246292  \" style=\" \"><span class=\"text-white\" style=\"\">Pol\u00edtica Administraci\u00f3n De Riesgos:<\/span><\/span><\/span>[vc_column_text css=&#8221;.vc_custom_1773341295593{border-top-width: 1px !important;border-right-width: 1px !important;border-bottom-width: 1px !important;border-left-width: 1px !important;padding-top: 5px !important;padding-right: 5px !important;padding-bottom: 5px !important;padding-left: 5px !important;background-color: #EFEFEF !important;border-left-style: groove !important;border-right-style: groove !important;border-top-style: groove !important;border-bottom-style: groove !important;border-color: #000000 !important;}&#8221;]La Unidad Administrativa Especial de Rehabilitaci\u00f3n y Mantenimiento Vial \u2013 UAERMV, establece su Pol\u00edtica para la gesti\u00f3n integral Riesgos como manifestaci\u00f3n del compromiso de la Alta Direcci\u00f3n con la gesti\u00f3n integral y oportuna de los riesgos que puedan afectar el cumplimiento de su misi\u00f3n, visi\u00f3n y objetivos institucionales.\n\nLa Entidad se compromete a identificar, valorar, tratar y monitorear los riesgos de gesti\u00f3n, riesgos para la integridad p\u00fablica, fiscales y de seguridad de la informaci\u00f3n, implementando controles preventivos, detectivos y correctivos que promuevan la eficiencia, la transparencia y la continuidad operativa.\n\nEsta pol\u00edtica fomenta la participaci\u00f3n activa de todos los colaboradores en la identificaci\u00f3n y manejo de los riesgos, fortaleciendo la cultura institucional de prevenci\u00f3n, el enfoque basado en riesgos y la mejora continua en la toma de decisiones.[\/vc_column_text][\/vc_column][\/vc_row][vc_row pix_particles_check=&#8221;&#8221;][vc_column width=&#8221;1\/4&#8243;][vc_btn title=&#8221;<b>Descargar Manual Pol\u00edtica de Administraci\u00f3n del Riesgo V4<\/b>&#8221; style=&#8221;gradient-custom&#8221; gradient_custom_color_1=&#8221;#DD3333&#8243; gradient_custom_color_2=&#8221;#DD3333&#8243; align=&#8221;center&#8221; css=&#8221;&#8221; link=&#8221;url:https%3A%2F%2Fwww.umv.gov.co%2Fportal%2Fwp-content%2Fuploads%2F2026%2F03%2FPolitica-Para-La-Gestion-Integral-De-Riesgos-De-La-UAERMV-2025.docx|target:_blank&#8221;][\/vc_column][vc_column width=&#8221;1\/4&#8243;][vc_btn title=&#8221;<b>Descargar Manual Pol\u00edtica de Administraci\u00f3n del Riesgo V3<\/b>&#8221; style=&#8221;gradient-custom&#8221; gradient_custom_color_1=&#8221;#DD3333&#8243; gradient_custom_color_2=&#8221;#DD3333&#8243; align=&#8221;center&#8221; css=&#8221;&#8221; link=&#8221;url:https%3A%2F%2Fwww.umv.gov.co%2Fportal%2Fwp-content%2Fuploads%2F2026%2F03%2FPolitica-administracion-de-riesgos-de-la-UAERMV-2024.docx|target:_blank&#8221;][\/vc_column][vc_column width=&#8221;1\/4&#8243;][vc_btn title=&#8221;<b>Descargar Manual Pol\u00edtica de Administraci\u00f3n del Riesgo V2<\/b>&#8221; style=&#8221;gradient-custom&#8221; gradient_custom_color_1=&#8221;#DD3333&#8243; gradient_custom_color_2=&#8221;#DD3333&#8243; align=&#8221;center&#8221; css=&#8221;&#8221; link=&#8221;url:https%3A%2F%2Fwww.umv.gov.co%2Fportal%2Fwp-content%2Fuploads%2F2026%2F03%2FPolitica-administracion-de-riesgos-de-la-UAERMV-2023.docx|target:_blank&#8221;][\/vc_column][vc_column width=&#8221;1\/4&#8243;][vc_btn title=&#8221;<b>Descargar Manual Pol\u00edtica de Administraci\u00f3n del Riesgo V1<\/b>&#8221; style=&#8221;gradient-custom&#8221; gradient_custom_color_1=&#8221;#DD3333&#8243; gradient_custom_color_2=&#8221;#DD3333&#8243; align=&#8221;center&#8221; css=&#8221;&#8221; link=&#8221;url:https%3A%2F%2Fwww.umv.gov.co%2Fportal%2Fwp-content%2Fuploads%2F2026%2F03%2FPolitica-administracion-de-riesgos-de-la-UAERMV-2022.docx|target:_blank&#8221;][\/vc_column][\/vc_row][vc_row pix_particles_check=&#8221;&#8221;][vc_column][\/vc_column][\/vc_row]<\/div>","protected":false},"excerpt":{"rendered":"[vc_row pix_particles_check=&#8221;&#8221;][vc_column][vc_column_text css=&#8221;.vc_custom_1773341295593{border-top-width: 1px !important;border-right-width: 1px !important;border-bottom-width: 1px !important;border-left-width: 1px !important;padding-top: 5px !important;padding-right: 5px !important;padding-bottom: 5px !important;padding-left: 5px !important;background-color: #EFEFEF !important;border-left-style: groove !important;border-right-style: groove !important;border-top-style: groove !important;border-bottom-style: groove !important;border-color: #000000 !important;}&#8221;]La Unidad Administrativa Especial de Rehabilitaci\u00f3n y Mantenimiento Vial \u2013&#8230;","protected":false},"author":1,"featured_media":0,"parent":0,"menu_order":0,"comment_status":"closed","ping_status":"closed","template":"","meta":{"_monsterinsights_skip_tracking":false,"_monsterinsights_sitenote_active":false,"_monsterinsights_sitenote_note":"","_monsterinsights_sitenote_category":0,"footnotes":""},"class_list":["post-11303","page","type-page","status-publish","hentry"],"_links":{"self":[{"href":"https:\/\/www.umv.gov.co\/portal\/wp-json\/wp\/v2\/pages\/11303","targetHints":{"allow":["GET"]}}],"collection":[{"href":"https:\/\/www.umv.gov.co\/portal\/wp-json\/wp\/v2\/pages"}],"about":[{"href":"https:\/\/www.umv.gov.co\/portal\/wp-json\/wp\/v2\/types\/page"}],"author":[{"embeddable":true,"href":"https:\/\/www.umv.gov.co\/portal\/wp-json\/wp\/v2\/users\/1"}],"replies":[{"embeddable":true,"href":"https:\/\/www.umv.gov.co\/portal\/wp-json\/wp\/v2\/comments?post=11303"}],"version-history":[{"count":2,"href":"https:\/\/www.umv.gov.co\/portal\/wp-json\/wp\/v2\/pages\/11303\/revisions"}],"predecessor-version":[{"id":55589,"href":"https:\/\/www.umv.gov.co\/portal\/wp-json\/wp\/v2\/pages\/11303\/revisions\/55589"}],"wp:attachment":[{"href":"https:\/\/www.umv.gov.co\/portal\/wp-json\/wp\/v2\/media?parent=11303"}],"curies":[{"name":"wp","href":"https:\/\/api.w.org\/{rel}","templated":true}]}}