{"id":11171,"date":"2020-02-01T00:34:10","date_gmt":"2020-02-01T00:34:10","guid":{"rendered":"https:\/\/www.umv.gov.co\/portal\/?page_id=11171"},"modified":"2024-09-06T19:12:28","modified_gmt":"2024-09-06T19:12:28","slug":"control-transparencia-71-2020","status":"publish","type":"page","link":"https:\/\/www.umv.gov.co\/portal\/control-transparencia-71-2020\/","title":{"rendered":"Control -7.1 Informes evaluaci\u00f3n y auditor\u00eda 2020"},"content":{"rendered":"<div class=\"wpb-content-wrapper\"><p>[vc_row pix_particles_check=&#8221;&#8221; css=&#8221;.vc_custom_1725649945416{margin-top: -20px !important;}&#8221;][vc_column]<span class=\"pix-badge-element h6 d-inline-flex mr-1 \"  ><span class=\"badge font-weight-bold secondary-font  bg-secondary  vc_custom_1725649922664  \" style=\" \"><span class=\"text-white\" style=\"\">4.8.1 INFORMES DE EVALUACI\u00d3N Y AUDITOR\u00cdA:<\/span><\/span><\/span>[vc_tta_accordion section_title_tag=&#8221;h6&#8243; style=&#8221;modern&#8221; color=&#8221;white&#8221; c_icon=&#8221;&#8221; active_section=&#8221;&#8221; collapsible_all=&#8221;true&#8221;][vc_tta_section i_icon_fontawesome=&#8221;fa fa-file-text-o&#8221; add_icon=&#8221;true&#8221; title=&#8221;1. Plan anual de Auditor\u00edas&#8221; tab_id=&#8221;1549495924496-320e321a-10d9&#8243;][vc_column_text]<\/p>\n<table width=\"750\" align=\"center\">\n<tbody>\n<tr>\n<td width=\"79\">\n<div class=\"bs-shortcode-alert alert alert-warning\" style=\"text-align: center;\"><b>C\u00d3DIGO<\/b><\/div>\n<\/td>\n<td style=\"text-align: center;\" width=\"345\">\n<div class=\"bs-shortcode-alert alert alert-warning\"><strong>NOMBRE DEL INFORME<\/strong><\/div>\n<\/td>\n<td width=\"74\">\n<div class=\"bs-shortcode-alert alert alert-warning\" style=\"text-align: center;\"><strong>FORMATO<\/strong><\/div>\n<\/td>\n<\/tr>\n<tr>\n<td>\n<div class=\"bs-shortcode-alert alert alert-info\">7.1.1a<\/div>\n<\/td>\n<td>\n<div class=\"bs-shortcode-alert alert alert-info\"><a href=\"https:\/\/www.umv.gov.co\/portal\/wp-content\/uploads\/2020\/03\/Plan-Anual-de-Auditoria-2020.xlsx\">Plan anual de auditor\u00edas 2020 A\u00f1o 2020 Versi\u00f3n 1<\/a><\/div>\n<\/td>\n<td>\n<div class=\"bs-shortcode-alert alert alert-info\">Excel<\/div>\n<\/td>\n<\/tr>\n<tr>\n<td>\n<div class=\"bs-shortcode-alert alert alert-info\">7.1.1b<\/div>\n<\/td>\n<td>\n<div class=\"bs-shortcode-alert alert alert-info\"><a href=\"https:\/\/www.umv.gov.co\/portal\/wp-content\/uploads\/2020\/06\/7.1.1.b-Plan-Anual-de-Auditoria-2020-V2-.xlsx\">Plan anual de auditor\u00edas 2020 versi\u00f3n 2<\/a><\/div>\n<\/td>\n<td>\n<div class=\"bs-shortcode-alert alert alert-info\">Excel<\/div>\n<\/td>\n<\/tr>\n<tr>\n<td>\n<div class=\"bs-shortcode-alert alert alert-info\">7.1.1c<\/div>\n<\/td>\n<td>\n<div class=\"bs-shortcode-alert alert alert-info\"><a href=\"https:\/\/www.umv.gov.co\/portal\/wp-content\/uploads\/2020\/07\/7.1.1c-Plan-Anual-de-Auditoria-2020-V3.xlsx\">Plan Anual de Auditorias 2020 versi\u00f3n 3<\/a><\/div>\n<\/td>\n<td>\n<div class=\"bs-shortcode-alert alert alert-info\">Excel<\/div>\n<\/td>\n<\/tr>\n<\/tbody>\n<\/table>\n<p>[\/vc_column_text][\/vc_tta_section][vc_tta_section i_icon_fontawesome=&#8221;fa fa-file-text-o&#8221; add_icon=&#8221;true&#8221; title=&#8221;2. Informes finales de auditor\u00eda&#8221; tab_id=&#8221;1549495924539-1d9fcb52-efe0&#8243;][vc_column_text]&nbsp;<\/p>\n<table width=\"750\" align=\"center\">\n<tbody>\n<tr>\n<td width=\"79\">\n<div class=\"bs-shortcode-alert alert alert-warning\" style=\"text-align: center;\"><b>C\u00d3DIGO<\/b><\/div>\n<\/td>\n<td style=\"text-align: center;\" width=\"345\">\n<div class=\"bs-shortcode-alert alert alert-warning\"><strong>NOMBRE DEL INFORME<\/strong><\/div>\n<\/td>\n<td width=\"74\">\n<div class=\"bs-shortcode-alert alert alert-warning\" style=\"text-align: center;\"><strong>FORMATO<\/strong><\/div>\n<\/td>\n<\/tr>\n<tr>\n<td>\n<div class=\"bs-shortcode-alert alert alert-info\">7.1.2a<\/div>\n<\/td>\n<td>\n<div class=\"bs-shortcode-alert alert alert-info\"><a href=\"https:\/\/www.umv.gov.co\/portal\/wp-content\/uploads\/2020\/05\/7.1.2a-Atenci\u00f3n-a-Partes-Interesadas-y-Comunicaciones-APIC-1.docx\">Atenci\u00f3n a partes interesadas y comunicaciones APIC <\/a><\/div>\n<\/td>\n<td>\n<div class=\"bs-shortcode-alert alert alert-info\">Word<\/div>\n<\/td>\n<\/tr>\n<tr>\n<td>\n<div class=\"bs-shortcode-alert alert alert-info\">7.1.2b<\/div>\n<\/td>\n<td>\n<div class=\"bs-shortcode-alert alert alert-info\"><a href=\"https:\/\/www.umv.gov.co\/portal\/wp-content\/uploads\/2020\/06\/7.1.2b-Auditoria-Proceso-Gesti\u00f3n-de-Servicios-e-Infraestructura-Tecnologica-GSIT..docx\">Auditoria Proceso Gesti\u00f3n de Servicios e Infraestructura Tecnol\u00f3gica GSIT<\/a><\/div>\n<\/td>\n<td>\n<div class=\"bs-shortcode-alert alert alert-info\">Word<\/div>\n<\/td>\n<\/tr>\n<tr>\n<td>\n<div class=\"bs-shortcode-alert alert alert-info\">7.1.2c<\/div>\n<\/td>\n<td>\n<div class=\"bs-shortcode-alert alert alert-info\"><a href=\"https:\/\/www.umv.gov.co\/portal\/wp-content\/uploads\/2020\/07\/7.1.2.c-Auditor\u00eda-Proceso-de-Gesti\u00f3n-Ambiental-GAM.docx\">Auditoria-Proceso-de-Gesti\u00f3n-Ambiental-GAM<\/a><\/div>\n<\/td>\n<td>\n<div class=\"bs-shortcode-alert alert alert-info\">Word<\/div>\n<\/td>\n<\/tr>\n<tr>\n<td>\n<div class=\"bs-shortcode-alert alert alert-info\">7.1.2d<\/div>\n<\/td>\n<td>\n<div class=\"bs-shortcode-alert alert alert-info\"><a href=\"https:\/\/www.umv.gov.co\/portal\/wp-content\/uploads\/2020\/07\/7.1.2d-Auditoria-proceso-Gesti\u00f3n-del-Talento-Humano-GTHU-SST.docx\">Auditoria Proceso-Gesti\u00f3n del Talento Humano GTHU-SST<\/a><\/div>\n<\/td>\n<td>\n<div class=\"bs-shortcode-alert alert alert-info\">Word<\/div>\n<\/td>\n<\/tr>\n<tr>\n<td>\n<div class=\"bs-shortcode-alert alert alert-info\">7.1.2e<\/div>\n<\/td>\n<td>\n<div class=\"bs-shortcode-alert alert alert-info\"><a href=\"https:\/\/www.umv.gov.co\/portal\/wp-content\/uploads\/2020\/12\/7.1.2e-Informe-final-auditor\u00eda-al-proceso-Atenci\u00f3n-a-partes-Interesadas-comunicaciones-APIC.docx\" target=\"_blank\" rel=\"noopener\">Auditor\u00eda al proceso Atenci\u00f3n a partes Interesadas y Comunicaciones-APIC<\/a><\/div>\n<\/td>\n<td>\n<div class=\"bs-shortcode-alert alert alert-info\">Word<\/div>\n<\/td>\n<\/tr>\n<tr>\n<td>\n<div class=\"bs-shortcode-alert alert alert-info\">7.1.2f<\/div>\n<\/td>\n<td>\n<div class=\"bs-shortcode-alert alert alert-info\"><a href=\"https:\/\/www.umv.gov.co\/portal\/wp-content\/uploads\/2020\/12\/7.1.2-f-Alcance-a-Informe-final-Auditor\u00eda-GSIT-2019.docx\" target=\"_blank\" rel=\"noopener\">Gesti\u00f3n de Servicios e Infraestructura Tecnol\u00f3gica &#8211; GSIT<\/a><\/div>\n<\/td>\n<td>\n<div class=\"bs-shortcode-alert alert alert-info\">Word<\/div>\n<\/td>\n<\/tr>\n<tr>\n<td>\n<div class=\"bs-shortcode-alert alert alert-info\">7.1.2g<\/div>\n<\/td>\n<td>\n<div class=\"bs-shortcode-alert alert alert-info\"><a href=\"https:\/\/www.umv.gov.co\/portal\/wp-content\/uploads\/2020\/12\/7.1.2g-Informe-final-Auditor\u00eda-Gesti\u00f3n-Contractual-GCON-2019.docx\">Auditor\u00eda Gesti\u00f3n Contractual &#8211; GCON<\/a><\/div>\n<\/td>\n<td>\n<div class=\"bs-shortcode-alert alert alert-info\">Word<\/div>\n<\/td>\n<\/tr>\n<tr>\n<td>\n<div class=\"bs-shortcode-alert alert alert-info\">7.1.2h<\/div>\n<\/td>\n<td>\n<div class=\"bs-shortcode-alert alert alert-info\"><a href=\"https:\/\/www.umv.gov.co\/portal\/wp-content\/uploads\/2020\/12\/7.1.2h-Informe-Final-Auditor\u00eda-proceso-control-disciplinario-Interno-CODI.doc\">Auditor\u00eda Proceso Control Disciplinario Interno &#8211; CODI<\/a><\/div>\n<\/td>\n<td>\n<div class=\"bs-shortcode-alert alert alert-info\">Word<\/div>\n<\/td>\n<\/tr>\n<tr>\n<td>\n<div class=\"bs-shortcode-alert alert alert-info\">7.1.2i<\/div>\n<\/td>\n<td>\n<div class=\"bs-shortcode-alert alert alert-info\"><a href=\"https:\/\/www.umv.gov.co\/portal\/wp-content\/uploads\/2020\/12\/7.1.2i-Informe-final-auditor\u00eda-producci\u00f3n-de-mezcla-y-provisi\u00f3n-de-maquinaria-y-equipo-PPMQ.doc\">Auditor\u00eda Producci\u00f3n de Mezcla y Provisi\u00f3n de Maquinaria y Equipo<\/a><\/div>\n<\/td>\n<td>\n<div class=\"bs-shortcode-alert alert alert-info\">Word<\/div>\n<\/td>\n<\/tr>\n<tr>\n<td>\n<div class=\"bs-shortcode-alert alert alert-info\">7.1.2j<\/div>\n<\/td>\n<td>\n<div class=\"bs-shortcode-alert alert alert-info\"><a href=\"https:\/\/www.umv.gov.co\/portal\/wp-content\/uploads\/2020\/12\/7.1.2-j-Informe-final-Auditor\u00eda-Gesti\u00f3n-de-recursos-f\u00edsicos-GREF.docx\">Informe final Auditor\u00eda Gesti\u00f3n de recursos f\u00edsicos GREF<\/a><\/div>\n<\/td>\n<td>\n<div class=\"bs-shortcode-alert alert alert-info\">Word<\/div>\n<\/td>\n<\/tr>\n<tr>\n<td>\n<div class=\"bs-shortcode-alert alert alert-info\">7.1.2k<\/div>\n<\/td>\n<td>\n<div class=\"bs-shortcode-alert alert alert-info\"><a href=\"https:\/\/www.umv.gov.co\/portal\/wp-content\/uploads\/2020\/12\/7.1.2-k-informe-final-Auditor\u00eda-Estrategia-y-Gobierno-TI-EGTI.doc\">Informe final Auditor\u00eda Estrategia y Gobierno TI -EGTI<\/a><\/div>\n<\/td>\n<td>\n<div class=\"bs-shortcode-alert alert alert-info\">Word<\/div>\n<\/td>\n<\/tr>\n<\/tbody>\n<\/table>\n<p>[\/vc_column_text][\/vc_tta_section][vc_tta_section i_icon_fontawesome=&#8221;fa fa-file-text-o&#8221; add_icon=&#8221;true&#8221; title=&#8221;3. Informe semestral de evaluaci\u00f3n del Sistema de Control Interno&#8221; tab_id=&#8221;1551475014488-6087b092-7ceb&#8221;][vc_column_text]<\/p>\n<table width=\"750\" align=\"center\">\n<tbody>\n<tr>\n<td width=\"79\">\n<div class=\"bs-shortcode-alert alert alert-warning\" style=\"text-align: center;\"><b>C\u00d3DIGO<\/b><\/div>\n<\/td>\n<td style=\"text-align: center;\" width=\"345\">\n<div class=\"bs-shortcode-alert alert alert-warning\"><strong>NOMBRE DEL INFORME<\/strong><\/div>\n<\/td>\n<td width=\"74\">\n<div class=\"bs-shortcode-alert alert alert-warning\" style=\"text-align: center;\"><strong>FORMATO<\/strong><\/div>\n<\/td>\n<\/tr>\n<tr>\n<td>\n<div class=\"bs-shortcode-alert alert alert-info\">7.1.3a<\/div>\n<\/td>\n<td>\n<div class=\"bs-shortcode-alert alert alert-info\"><a href=\"https:\/\/www.umv.gov.co\/portal\/wp-content\/uploads\/2020\/07\/7.1.3a-Informe-Semestral-de-Evaluaci\u00f3n-Sistema-de-Control-interno-SCI.xlsx\">Informe Semestral de Evaluaci\u00f3n Sistema de Control interno SCI<\/a><\/div>\n<\/td>\n<td>\n<div class=\"bs-shortcode-alert alert alert-info\">Excel<\/div>\n<\/td>\n<\/tr>\n<\/tbody>\n<\/table>\n<p>[\/vc_column_text][\/vc_tta_section][vc_tta_section i_icon_fontawesome=&#8221;fa fa-file-text-o&#8221; add_icon=&#8221;true&#8221; title=&#8221;4. Informes elaborados por \u00f3rganos de control externos 2020&#8243; tab_id=&#8221;1577831656919-26c4f820-a897&#8243;][vc_column_text]<\/p>\n<table width=\"750\" align=\"center\">\n<tbody>\n<tr>\n<td width=\"79\">\n<div class=\"bs-shortcode-alert alert alert-warning\" style=\"text-align: center;\"><b>C\u00d3DIGO<\/b><\/div>\n<\/td>\n<td style=\"text-align: center;\" width=\"345\">\n<div class=\"bs-shortcode-alert alert alert-warning\"><strong>NOMBRE DEL INFORME<\/strong><\/div>\n<\/td>\n<td width=\"74\">\n<div class=\"bs-shortcode-alert alert alert-warning\" style=\"text-align: center;\"><strong>FORMATO<\/strong><\/div>\n<\/td>\n<\/tr>\n<tr>\n<td>\n<div class=\"bs-shortcode-alert alert alert-info\">7.1.4a<\/div>\n<\/td>\n<td>\n<div class=\"bs-shortcode-alert alert alert-info\"><a href=\"https:\/\/www.umv.gov.co\/portal\/wp-content\/uploads\/2020\/07\/PDF-Informe-Final-Auditoria-codigo-109-UAERMV-PAD-2020.pdf\" target=\"_blank\" rel=\"noopener\">Informe Final Auditoria c\u00f3digo 109 UAERMV-PAD 2020 <\/a><\/div>\n<\/td>\n<td>\n<div class=\"bs-shortcode-alert alert alert-info\">Pdf<\/div>\n<\/td>\n<\/tr>\n<tr>\n<td>\n<div class=\"bs-shortcode-alert alert alert-info\">7.1.4b<\/div>\n<\/td>\n<td>\n<div class=\"bs-shortcode-alert alert alert-info\"><a href=\"https:\/\/www.umv.gov.co\/portal\/wp-content\/uploads\/2021\/01\/INFORME-FINAL-AUDITORIA-DESEMPE\u00d1O-115-PAD-2020-UAERMV-.pdf\" target=\"_blank\" rel=\"noopener\">Informe Final Auditoria Desempe\u00f1o 115 Contralor\u00eda de Bogot\u00e1\u00a0<\/a><\/div>\n<\/td>\n<td>\n<div class=\"bs-shortcode-alert alert alert-info\">Pdf<\/div>\n<\/td>\n<\/tr>\n<\/tbody>\n<\/table>\n<p>[\/vc_column_text][\/vc_tta_section][\/vc_tta_accordion][\/vc_column][\/vc_row]<\/p>\n<\/div>","protected":false},"excerpt":{"rendered":"[vc_row pix_particles_check=&#8221;&#8221; css=&#8221;.vc_custom_1725649945416{margin-top: -20px !important;}&#8221;][vc_column][vc_tta_accordion section_title_tag=&#8221;h6&#8243; style=&#8221;modern&#8221; color=&#8221;white&#8221; c_icon=&#8221;&#8221; active_section=&#8221;&#8221; collapsible_all=&#8221;true&#8221;][vc_tta_section i_icon_fontawesome=&#8221;fa fa-file-text-o&#8221; add_icon=&#8221;true&#8221; title=&#8221;1. Plan anual de Auditor\u00edas&#8221; tab_id=&#8221;1549495924496-320e321a-10d9&#8243;][vc_column_text] C\u00d3DIGO NOMBRE DEL INFORME FORMATO 7.1.1a Plan anual de auditor\u00edas 2020 A\u00f1o 2020 Versi\u00f3n 1 Excel 7.1.1b Plan anual de&#8230;","protected":false},"author":1,"featured_media":0,"parent":0,"menu_order":0,"comment_status":"closed","ping_status":"closed","template":"","meta":{"_monsterinsights_skip_tracking":false,"_monsterinsights_sitenote_active":false,"_monsterinsights_sitenote_note":"","_monsterinsights_sitenote_category":0,"footnotes":""},"class_list":["post-11171","page","type-page","status-publish","hentry"],"_links":{"self":[{"href":"https:\/\/www.umv.gov.co\/portal\/wp-json\/wp\/v2\/pages\/11171","targetHints":{"allow":["GET"]}}],"collection":[{"href":"https:\/\/www.umv.gov.co\/portal\/wp-json\/wp\/v2\/pages"}],"about":[{"href":"https:\/\/www.umv.gov.co\/portal\/wp-json\/wp\/v2\/types\/page"}],"author":[{"embeddable":true,"href":"https:\/\/www.umv.gov.co\/portal\/wp-json\/wp\/v2\/users\/1"}],"replies":[{"embeddable":true,"href":"https:\/\/www.umv.gov.co\/portal\/wp-json\/wp\/v2\/comments?post=11171"}],"version-history":[{"count":0,"href":"https:\/\/www.umv.gov.co\/portal\/wp-json\/wp\/v2\/pages\/11171\/revisions"}],"wp:attachment":[{"href":"https:\/\/www.umv.gov.co\/portal\/wp-json\/wp\/v2\/media?parent=11171"}],"curies":[{"name":"wp","href":"https:\/\/api.w.org\/{rel}","templated":true}]}}