{"id":10747,"date":"2019-12-17T15:50:13","date_gmt":"2019-12-17T15:50:13","guid":{"rendered":"https:\/\/www.umv.gov.co\/portal\/?page_id=10747"},"modified":"2026-03-06T18:39:32","modified_gmt":"2026-03-06T18:39:32","slug":"datos-abiertos-umv","status":"publish","type":"page","link":"https:\/\/www.umv.gov.co\/portal\/datos-abiertos-umv\/","title":{"rendered":"Datos Abiertos UMV"},"content":{"rendered":"<div class=\"wpb-content-wrapper\">[vc_row pix_particles_check=&#8221;&#8221; css=&#8221;.vc_custom_1725483863148{margin-top: -20px !important;}&#8221;][vc_column width=&#8221;2\/3&#8243;]<span class=\"pix-badge-element h6 d-inline-flex mr-1 \"  ><span class=\"badge font-weight-bold secondary-font  bg-secondary  vc_custom_1725483855555  \" style=\" \"><span class=\"text-white\" style=\"\">DATOS ABIERTOS<\/span><\/span><\/span>[vc_column_text css=&#8221;.vc_custom_1768682925887{margin-bottom: 1px !important;border-top-width: 1px !important;border-right-width: 1px !important;border-bottom-width: 1px !important;border-left-width: 1px !important;padding-bottom: 8px !important;background-color: #F2F2F2 !important;border-left-style: double !important;border-right-style: double !important;border-top-style: double !important;border-bottom-style: double !important;border-color: #000000 !important;}&#8221;]<div class=\"bs-shortcode-alert alert alert-simple\">\n\n<span lang=\"ES\"><span lang=\"ES\">Dentro del proceso de transformaci\u00f3n digital que adelanta la UMV, hemos realizado un trabajo conjunto con IDECA (Infraestructura de Datos Espaciales para el Distrito Capital), que nos permiti\u00f3 publicar la capa de la Gesti\u00f3n que adelanta la entidad, sobre los segmentos viales de la ciudad. En esta capa podemos consultar la gesti\u00f3n que adelanta la entidad sobre los segmentos viales en materia de rehabilitaci\u00f3n y mantenimiento peri\u00f3dico.<\/span><\/span><span lang=\"ES\">La informaci\u00f3n puede ser consultada en el visor geogr\u00e1fico de la entidad: <a href=\"https:\/\/uaermv.maps.arcgis.com\/apps\/webappviewer\/index.html?id=a185c2626794408f989b270c926ee90c\" target=\"_blank\" rel=\"noopener\"><strong>Clic Aqu\u00ed<\/strong> <\/a>, la cual se encuentra actualizada en l\u00ednea con el trabajo diario que realizan las \u00e1reas misionales de la entidad.<\/span>\n\nActualmente la informaci\u00f3n tambi\u00e9n se encuentra disponible en el Portal de Datos Abiertos de Bogot\u00e1: <a href=\"https:\/\/datosabiertos.bogota.gov.co\/dataset\/gestion-unidad-de-mantenimiento-vial\" target=\"_blank\" rel=\"noopener\"><strong>Clic Aqu\u00ed<\/strong><\/a><\/div>[\/vc_column_text][vc_column_text css=&#8221;.vc_custom_1725484792800{margin-top: 1px !important;margin-bottom: 30px !important;border-top-width: 1px !important;border-bottom-width: 1px !important;padding-top: 1px !important;padding-bottom: 1px !important;}&#8221;]<h6 class=\"bs-shortcode-alert alert alert-danger\" style=\"text-align: center;\"><strong>Conjuntos de Datos Abiertos Publicados por la Entidad<\/strong><\/h6>[\/vc_column_text][\/vc_column][vc_column width=&#8221;1\/3&#8243;]<span class=\"pix-badge-element h6 d-inline-flex mr-1 \"  ><span class=\"badge font-weight-bold secondary-font  bg-secondary  vc_custom_1725483843332  \" style=\" \"><span class=\"text-white\" style=\"\">INFORMACI\u00d3N RELACIONADA<\/span><\/span><\/span>[vc_btn title=&#8221;Diccionario de Datos&#8221; style=&#8221;gradient-custom&#8221; gradient_custom_color_2=&#8221;#859224&#8243; align=&#8221;center&#8221; i_icon_fontawesome=&#8221;fa fa-book&#8221; button_block=&#8221;true&#8221; add_icon=&#8221;true&#8221; link=&#8221;url:https%3A%2F%2Fwww.umv.gov.co%2Fportal%2Fwp-content%2Fuploads%2F2020%2F02%2FDiccionarioDatos_UMV_V1.0-1.pdf||target:%20_blank|&#8221;][vc_btn title=&#8221;Cat\u00e1logo de Objetos&#8221; style=&#8221;gradient-custom&#8221; gradient_custom_color_2=&#8221;#859224&#8243; align=&#8221;center&#8221; i_icon_fontawesome=&#8221;fa fa-book&#8221; button_block=&#8221;true&#8221; add_icon=&#8221;true&#8221; link=&#8221;url:https%3A%2F%2Fwww.umv.gov.co%2Fportal%2Fwp-content%2Fuploads%2F2020%2F02%2FFichaCat%C3%A1logoObjetos_UMV_V1.0-1.pdf||target:%20_blank|&#8221;][vc_btn title=&#8221;Reporte de calidad&#8221; style=&#8221;gradient-custom&#8221; gradient_custom_color_2=&#8221;#859224&#8243; align=&#8221;center&#8221; i_icon_fontawesome=&#8221;fa fa-book&#8221; button_block=&#8221;true&#8221; add_icon=&#8221;true&#8221; link=&#8221;url:https%3A%2F%2Fwww.umv.gov.co%2Fportal%2Fwp-content%2Fuploads%2F2020%2F02%2FCalidad-GestionUMV_1.0.pdf||target:%20_blank|&#8221;][vc_btn title=&#8221;<b>Diligenciar encuesta de satisfacci\u00f3n con el uso de los datos abiertos de la entidad<\/b>&#8221; style=&#8221;gradient-custom&#8221; gradient_custom_color_2=&#8221;#859127&#8243; align=&#8221;center&#8221; i_icon_fontawesome=&#8221;fas fa-external-link-alt&#8221; add_icon=&#8221;true&#8221; link=&#8221;url:https%3A%2F%2Fwww.umv.gov.co%2Fportal%2Fdatos-abiertos%2F&#8221;][\/vc_column][\/vc_row][vc_row pix_particles_check=&#8221;&#8221;][vc_column width=&#8221;1\/3&#8243;]<span class=\"pix-badge-element h6 d-inline-flex mr-1 \"  ><span class=\"badge font-weight-bold secondary-font  bg-secondary  vc_custom_1725483994733  \" style=\" \"><span class=\"text-white\" style=\"\">REGISTRO DE ACTIVOS DE INFORMACI\u00d3N<\/span><\/span><\/span>[vc_column_text css=&#8221;&#8221;]Conjunto de datos del inventario y clasificaci\u00f3n de los activos que posee la entidad de acuerdo con la Pol\u00edtica General de Seguridad y Privacidad de la informaci\u00f3n, c\u00f3mo deben ser utilizados, as\u00ed como los roles y responsabilidades que tienen los funcionarios sobre los mismos.[\/vc_column_text][vc_btn title=&#8221;Consultar en datos.gov.co&#8221; style=&#8221;gradient-custom&#8221; gradient_custom_color_2=&#8221;#859127&#8243; align=&#8221;center&#8221; i_icon_fontawesome=&#8221;fas fa-database&#8221; css=&#8221;.vc_custom_1725484266136{margin-top: -20px !important;border-top-width: 1px !important;padding-top: 1px !important;}&#8221; button_block=&#8221;true&#8221; add_icon=&#8221;true&#8221; link=&#8221;url:https%3A%2F%2Fwww.datos.gov.co%2Fdataset%2FRegistro-de-Activos-de-informaci-n%2F5bnk-zpiu|target:_blank&#8221;][\/vc_column][vc_column width=&#8221;1\/3&#8243;]<span class=\"pix-badge-element h6 d-inline-flex mr-1 \"  ><span class=\"badge font-weight-bold secondary-font  bg-secondary  vc_custom_1725484048933  \" style=\" \"><span class=\"text-white\" style=\"\">\u00cdNDICE DE INFORMACI\u00d3N CLASIFICADA Y RESERVADA<\/span><\/span><\/span>[vc_column_text css=&#8221;&#8221;]Puede consultar el conjunto de datos que contiene el listado de la informaci\u00f3n calificada como reservada y\/o clasificada de acuerdo a lo estipulado en la ley 1712 del 2014 (Ley de transparencia)[\/vc_column_text][vc_btn title=&#8221;Consultar en datos.gov.co&#8221; style=&#8221;gradient-custom&#8221; gradient_custom_color_2=&#8221;#859127&#8243; align=&#8221;center&#8221; i_icon_fontawesome=&#8221;fas fa-database&#8221; css=&#8221;.vc_custom_1614902234047{margin-top: 1px !important;border-top-width: 1px !important;padding-top: 1px !important;}&#8221; button_block=&#8221;true&#8221; add_icon=&#8221;true&#8221; link=&#8221;url:https%3A%2F%2Fwww.datos.gov.co%2FTransporte%2F-ndice-de-informaci-n-Clasificada-y-Reservada%2F8uf6-uimz|target:_blank&#8221;][\/vc_column][vc_column width=&#8221;1\/3&#8243;]<span class=\"pix-badge-element h6 d-inline-flex mr-1 \"  ><span class=\"badge font-weight-bold secondary-font  bg-secondary  vc_custom_1725484188624  \" style=\" \"><span class=\"text-white\" style=\"\">MODELO DE PRIORIZACI\u00d3N DE V\u00cdAS UNIDAD DE\nMANTENIMIENTO VIAL 2020<\/span><\/span><\/span>[vc_column_text css=&#8221;&#8221;]El modelo de priorizaci\u00f3n de v\u00edas es un modelo matem\u00e1tico el cual mediante la evaluaci\u00f3n de tres dimensiones asigna una calificaci\u00f3n en una escala de 0 a 100 a los segmentos viales de la malla vial Local e Intermedia de la ciudad.[\/vc_column_text][vc_btn title=&#8221;Consultar en Datos Abiertos Bogot\u00e1&#8221; style=&#8221;gradient-custom&#8221; gradient_custom_color_2=&#8221;#859127&#8243; align=&#8221;center&#8221; i_icon_fontawesome=&#8221;fas fa-database&#8221; css=&#8221;.vc_custom_1614899787982{margin-top: 1px !important;border-top-width: 1px !important;padding-top: 1px !important;}&#8221; button_block=&#8221;true&#8221; add_icon=&#8221;true&#8221; link=&#8221;url:https%3A%2F%2Fdatosabiertos.bogota.gov.co%2Fdataset%2Fmodelo-de-priorizacion-umv-2020|target:_blank&#8221;][\/vc_column][\/vc_row][vc_row pix_particles_check=&#8221;&#8221;][vc_column][vc_zigzag][\/vc_column][\/vc_row][vc_row pix_particles_check=&#8221;&#8221;][vc_column width=&#8221;1\/3&#8243;]<span class=\"pix-badge-element h6 d-inline-flex mr-1 \"  ><span class=\"badge font-weight-bold secondary-font  bg-secondary  vc_custom_1725484299467  \" style=\" \"><span class=\"text-white\" style=\"\">GESTI\u00d3N UNIDAD DE MANTENIMIENTO VIAL<\/span><\/span><\/span>[vc_column_text css=&#8221;&#8221;]El dato geogr\u00e1fico Gesti\u00f3n Unidad de mantenimiento vial, representa los segmentos viales que contienen el estado de la gesti\u00f3n adelantada por la Unidad de Mantenimiento Vial.[\/vc_column_text][vc_btn title=&#8221;Consultar en Datos Abiertos Bogot\u00e1&#8221; style=&#8221;gradient-custom&#8221; gradient_custom_color_2=&#8221;#859127&#8243; align=&#8221;center&#8221; i_icon_fontawesome=&#8221;fas fa-database&#8221; css=&#8221;.vc_custom_1725484451640{margin-top: -20px !important;border-top-width: 1px !important;padding-top: 1px !important;}&#8221; button_block=&#8221;true&#8221; add_icon=&#8221;true&#8221; link=&#8221;url:https%3A%2F%2Fdatosabiertos.bogota.gov.co%2Fdataset%2Fgestion-unidad-de-mantenimiento-vial&#8221;][\/vc_column][vc_column width=&#8221;1\/3&#8243;]<span class=\"pix-badge-element h6 d-inline-flex mr-1 \"  ><span class=\"badge font-weight-bold secondary-font  bg-secondary  vc_custom_1725484399976  \" style=\" \"><span class=\"text-white\" style=\"\">CONSOLIDADO INTERVENCIONES UMV 2019<\/span><\/span><\/span>[vc_column_text css=&#8221;&#8221;]Conjunto de datos que contiene los segmentos terminados por la Unidad de Mantenimiento Vial durante la vigencia 2019.[\/vc_column_text][vc_btn title=&#8221;Consultar en Datos Abiertos Bogot\u00e1&#8221; style=&#8221;gradient-custom&#8221; gradient_custom_color_2=&#8221;#859127&#8243; align=&#8221;center&#8221; i_icon_fontawesome=&#8221;fas fa-database&#8221; css=&#8221;.vc_custom_1632405114400{margin-top: 1px !important;border-top-width: 1px !important;padding-top: 1px !important;}&#8221; button_block=&#8221;true&#8221; add_icon=&#8221;true&#8221; link=&#8221;url:https%3A%2F%2Fdatosabiertos.bogota.gov.co%2Fdataset%2Fconsolidado-intervenciones-umv-2019|target:_blank&#8221;][\/vc_column][vc_column width=&#8221;1\/3&#8243;]<span class=\"pix-badge-element h6 d-inline-flex mr-1 \"  ><span class=\"badge font-weight-bold secondary-font  bg-secondary  vc_custom_1725484415156  \" style=\" \"><span class=\"text-white\" style=\"\">CONSOLIDADO INTERVENCIONES UMV 2020<\/span><\/span><\/span>[vc_column_text css=&#8221;&#8221;]Conjunto de datos que contiene los segmentos terminados por la Unidad de Mantenimiento Vial durante la vigencia 2020.[\/vc_column_text][vc_btn title=&#8221;Consultar en Datos Abiertos Bogot\u00e1&#8221; style=&#8221;gradient-custom&#8221; gradient_custom_color_2=&#8221;#859127&#8243; align=&#8221;center&#8221; i_icon_fontawesome=&#8221;fas fa-database&#8221; css=&#8221;.vc_custom_1632405035327{margin-top: 1px !important;border-top-width: 1px !important;padding-top: 1px !important;}&#8221; button_block=&#8221;true&#8221; add_icon=&#8221;true&#8221; link=&#8221;url:https%3A%2F%2Fdatosabiertos.bogota.gov.co%2Fdataset%2Fpriorizacion-intervenciones-ano-2020|target:_blank&#8221;][\/vc_column][\/vc_row][vc_row pix_particles_check=&#8221;&#8221;][vc_column width=&#8221;1\/3&#8243;]<span class=\"pix-badge-element h6 d-inline-flex mr-1 \"  ><span class=\"badge font-weight-bold secondary-font  bg-secondary  vc_custom_1725484467479  \" style=\" \"><span class=\"text-white\" style=\"\">CONSOLIDADO INTERVENCIONES UMV 2021<\/span><\/span><\/span>[vc_column_text css=&#8221;&#8221;]Conjunto de datos que contiene los segmentos terminados por la Unidad de Mantenimiento Vial durante la vigencia 2021.[\/vc_column_text][vc_btn title=&#8221;Consultar en Datos Abiertos Bogot\u00e1&#8221; style=&#8221;gradient-custom&#8221; gradient_custom_color_2=&#8221;#859127&#8243; align=&#8221;center&#8221; i_icon_fontawesome=&#8221;fas fa-database&#8221; css=&#8221;.vc_custom_1632405192232{margin-top: 1px !important;border-top-width: 1px !important;padding-top: 1px !important;}&#8221; button_block=&#8221;true&#8221; add_icon=&#8221;true&#8221; link=&#8221;url:https%3A%2F%2Fdatosabiertos.bogota.gov.co%2Fdataset%2Fconsolidado-intervenciones-umv-2021|target:_blank&#8221;][\/vc_column][vc_column width=&#8221;1\/3&#8243;]<span class=\"pix-badge-element h6 d-inline-flex mr-1 \"  ><span class=\"badge font-weight-bold secondary-font  bg-secondary  vc_custom_1725484595399  \" style=\" \"><span class=\"text-white\" style=\"\">CONSOLIDADO INTERVENCIONES UMV 2022<\/span><\/span><\/span>[vc_column_text css=&#8221;&#8221;]Conjunto de datos que contiene los segmentos terminados por la Unidad de Mantenimiento Vial durante la vigencia 2022 con corte a 31 de diciembre de 2022.[\/vc_column_text][vc_btn title=&#8221;Consultar en Datos Abiertos Bogot\u00e1&#8221; style=&#8221;gradient-custom&#8221; gradient_custom_color_2=&#8221;#859127&#8243; align=&#8221;center&#8221; i_icon_fontawesome=&#8221;fas fa-database&#8221; css=&#8221;.vc_custom_1725484613693{margin-top: -20px !important;border-top-width: 1px !important;padding-top: 1px !important;}&#8221; button_block=&#8221;true&#8221; add_icon=&#8221;true&#8221; link=&#8221;url:https%3A%2F%2Fdatosabiertos.bogota.gov.co%2Fdataset%2Fconsolidado-segmentos-terminados-umv-2022|target:_blank&#8221;][\/vc_column][vc_column width=&#8221;1\/3&#8243;]<span class=\"pix-badge-element h6 d-inline-flex mr-1 \"  ><span class=\"badge font-weight-bold secondary-font  bg-secondary  vc_custom_1725484600968  \" style=\" \"><span class=\"text-white\" style=\"\">CONSOLIDADO INTERVENCIONES UMV 2023<\/span><\/span><\/span>[vc_column_text css=&#8221;&#8221;]Conjunto de datos que contiene los segmentos terminados por la Unidad de Mantenimiento Vial durante la vigencia 2023 con corte a 31 de diciembre de 2023.[\/vc_column_text][vc_btn title=&#8221;Consultar en Datos Abiertos Bogot\u00e1&#8221; style=&#8221;gradient-custom&#8221; gradient_custom_color_2=&#8221;#859127&#8243; align=&#8221;center&#8221; i_icon_fontawesome=&#8221;fas fa-database&#8221; css=&#8221;.vc_custom_1725484622728{margin-top: -20px !important;border-top-width: 1px !important;padding-top: 1px !important;}&#8221; button_block=&#8221;true&#8221; add_icon=&#8221;true&#8221; link=&#8221;url:https%3A%2F%2Fdatosabiertos.bogota.gov.co%2Fdataset%2Fconsolidado-segmentos-terminados-umv-2023|target:_blank&#8221;][\/vc_column][\/vc_row][vc_row pix_particles_check=&#8221;&#8221;][vc_column width=&#8221;1\/3&#8243;]<span class=\"pix-badge-element h6 d-inline-flex mr-1 \"  ><span class=\"badge font-weight-bold secondary-font  bg-secondary  vc_custom_1725484691689  \" style=\" \"><span class=\"text-white\" style=\"\">CONSOLIDADO INTERVENCIONES UMV 2024<\/span><\/span><\/span>[vc_column_text css=&#8221;&#8221;]Conjunto de datos que contiene los segmentos terminados por la Unidad de Mantenimiento Vial durante la vigencia 2024.[\/vc_column_text][vc_btn title=&#8221;Consultar en Datos Abiertos Bogot\u00e1&#8221; style=&#8221;gradient-custom&#8221; gradient_custom_color_2=&#8221;#859127&#8243; align=&#8221;center&#8221; i_icon_fontawesome=&#8221;fas fa-database&#8221; css=&#8221;.vc_custom_1632405192232{margin-top: 1px !important;border-top-width: 1px !important;padding-top: 1px !important;}&#8221; button_block=&#8221;true&#8221; add_icon=&#8221;true&#8221; link=&#8221;url:https%3A%2F%2Fdatosabiertos.bogota.gov.co%2Fdataset%2Fconsolidado-de-intervenciones-2024|target:_blank&#8221;][\/vc_column][vc_column width=&#8221;1\/3&#8243;]<span class=\"pix-badge-element h6 d-inline-flex mr-1 \"  ><span class=\"badge font-weight-bold secondary-font  bg-secondary  vc_custom_1747170159537  \" style=\" \"><span class=\"text-white\" style=\"\">CONSOLIDADO INTERVENCIONES UMV 2025<\/span><\/span><\/span>[vc_column_text css=&#8221;&#8221;]Conjunto de datos que contiene los segmentos terminados por la Unidad de Mantenimiento Vial durante la vigencia 2025.[\/vc_column_text][vc_btn title=&#8221;Consultar en Datos Abiertos Bogot\u00e1&#8221; style=&#8221;gradient-custom&#8221; gradient_custom_color_2=&#8221;#859127&#8243; align=&#8221;center&#8221; i_icon_fontawesome=&#8221;fas fa-database&#8221; css=&#8221;.vc_custom_1747170376829{margin-top: 1px !important;border-top-width: 1px !important;padding-top: 1px !important;}&#8221; button_block=&#8221;true&#8221; add_icon=&#8221;true&#8221; link=&#8221;url:https%3A%2F%2Fdatosabiertos.bogota.gov.co%2Fdataset%2Fconsolidado-de-segmentos-intervenidos-ano-2025|target:_blank&#8221;][\/vc_column][vc_column width=&#8221;1\/3&#8243;]<span class=\"pix-badge-element h6 d-inline-flex mr-1 \"  ><span class=\"badge font-weight-bold secondary-font  bg-secondary  vc_custom_1772822295949  \" style=\" \"><span class=\"text-white\" style=\"\">CONSOLIDADO INTERVENCIONES UMV 2026<\/span><\/span><\/span>[vc_column_text css=&#8221;&#8221;]Conjunto de datos que contiene los segmentos terminados por la Unidad de Mantenimiento Vial durante la vigencia 2026.[\/vc_column_text][vc_btn title=&#8221;Consultar en Datos Abiertos Bogot\u00e1&#8221; style=&#8221;gradient-custom&#8221; gradient_custom_color_2=&#8221;#859127&#8243; align=&#8221;center&#8221; i_icon_fontawesome=&#8221;&#8221; css=&#8221;.vc_custom_1772822359941{margin-top: 1px !important;border-top-width: 1px !important;padding-top: 1px !important;}&#8221; button_block=&#8221;true&#8221; add_icon=&#8221;true&#8221; link=&#8221;url:https%3A%2F%2Fdatosabiertos.bogota.gov.co%2Fdataset%2Fconsolidado-de-segmentos-intervenidos-ano-2026|target:_blank&#8221;][\/vc_column][\/vc_row][vc_row pix_particles_check=&#8221;&#8221;][vc_column]<span class=\"pix-badge-element h6 d-inline-flex mr-1 \"  ><span class=\"badge font-weight-bold secondary-font  bg-secondary  vc_custom_1725484742835  \" style=\" \"><span class=\"text-white\" style=\"\">LICENCIA CREATIVE COMMONS<\/span><\/span><\/span>[vc_column_text css=&#8221;&#8221;]Los conjuntos de datos publicados est\u00e1n bajo licencia internacional Creative Commons Reconocimiento-NoComercial-CompartirIgual 4.0. En consecuencia, los lectores pueden copiar, redistribuir y transformar los conjuntos de datos aqu\u00ed publicados y utilizarlos para cualquier otro fin legitimo no comercial, reconociendo la producci\u00f3n o generaci\u00f3n de los datos por parte de la Unidad Administrativa Especial de Rehabilitaci\u00f3n y Mantenimiento Vial sin solicitar permiso previo.\n\n<center><a href=\"https:\/\/creativecommons.org\/licenses\/by-nc-sa\/4.0\/legalcode.es\" target=\"blank\" rel=\"license noopener\"><img decoding=\"async\" style=\"border-width: 0;\" src=\"https:\/\/i.creativecommons.org\/l\/by-nc\/4.0\/88x31.png\" alt=\"Licencia Creative Commons\" \/><\/a>\nEsta obra est\u00e1 bajo una <a href=\"https:\/\/creativecommons.org\/licenses\/by-nc-sa\/4.0\/legalcode.es\" target=\"blank\" rel=\"license noopener\">Licencia Creative Commons Atribuci\u00f3n-NoComercial 4.0 Internacional<\/a><\/center>&nbsp;[\/vc_column_text][\/vc_column][\/vc_row][vc_row pix_particles_check=&#8221;&#8221;][vc_column][\/vc_column][\/vc_row]<\/div>","protected":false},"excerpt":{"rendered":"[vc_row pix_particles_check=&#8221;&#8221; css=&#8221;.vc_custom_1725483863148{margin-top: -20px !important;}&#8221;][vc_column width=&#8221;2\/3&#8243;][vc_column_text css=&#8221;.vc_custom_1768682925887{margin-bottom: 1px !important;border-top-width: 1px !important;border-right-width: 1px !important;border-bottom-width: 1px !important;border-left-width: 1px !important;padding-bottom: 8px !important;background-color: #F2F2F2 !important;border-left-style: double !important;border-right-style: double !important;border-top-style: double !important;border-bottom-style: double !important;border-color: #000000 !important;}&#8221;] Dentro del proceso de transformaci\u00f3n digital que adelanta la&#8230;","protected":false},"author":1,"featured_media":0,"parent":0,"menu_order":0,"comment_status":"closed","ping_status":"closed","template":"","meta":{"_monsterinsights_skip_tracking":false,"_monsterinsights_sitenote_active":false,"_monsterinsights_sitenote_note":"","_monsterinsights_sitenote_category":0,"footnotes":""},"class_list":["post-10747","page","type-page","status-publish","hentry"],"_links":{"self":[{"href":"https:\/\/www.umv.gov.co\/portal\/wp-json\/wp\/v2\/pages\/10747","targetHints":{"allow":["GET"]}}],"collection":[{"href":"https:\/\/www.umv.gov.co\/portal\/wp-json\/wp\/v2\/pages"}],"about":[{"href":"https:\/\/www.umv.gov.co\/portal\/wp-json\/wp\/v2\/types\/page"}],"author":[{"embeddable":true,"href":"https:\/\/www.umv.gov.co\/portal\/wp-json\/wp\/v2\/users\/1"}],"replies":[{"embeddable":true,"href":"https:\/\/www.umv.gov.co\/portal\/wp-json\/wp\/v2\/comments?post=10747"}],"version-history":[{"count":2,"href":"https:\/\/www.umv.gov.co\/portal\/wp-json\/wp\/v2\/pages\/10747\/revisions"}],"predecessor-version":[{"id":55400,"href":"https:\/\/www.umv.gov.co\/portal\/wp-json\/wp\/v2\/pages\/10747\/revisions\/55400"}],"wp:attachment":[{"href":"https:\/\/www.umv.gov.co\/portal\/wp-json\/wp\/v2\/media?parent=10747"}],"curies":[{"name":"wp","href":"https:\/\/api.w.org\/{rel}","templated":true}]}}