{"id":10206,"date":"2019-10-23T21:08:14","date_gmt":"2019-10-23T21:08:14","guid":{"rendered":"https:\/\/www.umv.gov.co\/portal\/?page_id=10206"},"modified":"2024-09-01T21:05:50","modified_gmt":"2024-09-01T21:05:50","slug":"manual-de-interventoria","status":"publish","type":"page","link":"https:\/\/www.umv.gov.co\/portal\/manual-de-interventoria\/","title":{"rendered":"Manual de Interventor\u00eda y Supervisi\u00f3n"},"content":{"rendered":"<div class=\"wpb-content-wrapper\"><p>[vc_row pix_particles_check=&#8221;&#8221; css=&#8221;.vc_custom_1725224572152{margin-top: -20px !important;}&#8221;][vc_column][vc_btn title=&#8221;<b>MANUAL DE INTERVENTOR\u00cdA Y SUPERVISI\u00d3N UNIDAD ADMINISTRATIVA ESPECIAL DE REHABILITACI\u00d3N Y MANTENIMIENTO VIAL.<\/b><br \/>\nDescargar&#8221; style=&#8221;gradient-custom&#8221; gradient_custom_color_1=&#8221;#e01930&#8243; gradient_custom_color_2=&#8221;#a9b71b&#8221; size=&#8221;lg&#8221; align=&#8221;center&#8221; i_icon_fontawesome=&#8221;&#8221; button_block=&#8221;true&#8221; add_icon=&#8221;true&#8221; link=&#8221;url:https%3A%2F%2Fwww.umv.gov.co%2Fportal%2Fwp-content%2Fuploads%2F2021%2F12%2FGCON-MA-002-V9-Manual-Interventoria-y-Supervision.docx|target:_blank&#8221;]<span class=\"pix-badge-element h6 d-inline-flex mr-1 \"  ><span class=\"badge font-weight-bold secondary-font  bg-secondary  vc_custom_1725224641103  \" style=\" \"><span class=\"text-white\" style=\"\">OBJETIVO<\/span><\/span><\/span>[vc_column_text]De conformidad con el Manual de Contrataci\u00f3n expedido por la Unidad Administrativa Especial de Rehabilitaci\u00f3n y Mantenimiento Vial,\u00a0 el presenta Manual de\u00a0 Interventor\u00eda y Supervisi\u00f3n establece orientaciones generales para el ejercicio de la supervisi\u00f3n e interventor\u00eda en la Entidad,\u00a0 se\u00f1alando a los responsables\u00a0 la informaci\u00f3n necesaria relacionada con las definiciones, reglamentaciones y controles que se aplican en su desarrollo, con el fin de asegurar el cumplimiento del objeto del contrato o convenio.<\/p>\n<p>El presente Manual desarrolla los conceptos relacionados con el objetivo, alcance, t\u00e9rminos y definiciones, marco normativo, naturaleza\u00a0 jur\u00eddica de la UAERMV, mapa de procesos, campo de aplicaci\u00f3n, generalidades sobre la interventor\u00eda y la\u00a0\u00a0 supervisi\u00f3n\u00a0 de los contratos,\u00a0 el desarrollo de las mismas al interior de la UAERMV, el proceso de gesti\u00f3n documental en cuanto al contenido general de los anticipo que debe presentar la interventor\u00eda o la supervisi\u00f3n,\u00a0 aspectos atinentes a la forma de pago y gesti\u00f3n integral para el seguimiento y control a la ejecuci\u00f3n de los contratos y convenios que celebre la entidad, las obligaciones inherentes a estas actividades, las prohibiciones y las principales consecuencias del incumplimiento de tales deberes y obligaciones.<\/p>\n<p>El Manual de Interventor\u00eda y Supervisi\u00f3n, como se anot\u00f3 inicialmente, es un instrumento que pretende el seguimiento y control de la ejecuci\u00f3n de los recursos p\u00fablicos, por parte de quienes tienen esta responsabilidad, en t\u00e9rminos de los principios que rigen la contrataci\u00f3n estatal, entre otros, calidad, eficacia, eficiencia, oportunidad, transparencia, moralidad y responsabilidad.[\/vc_column_text][\/vc_column][\/vc_row][vc_row pix_particles_check=&#8221;&#8221;][vc_column][\/vc_column][\/vc_row]<\/p>\n<\/div>","protected":false},"excerpt":{"rendered":"[vc_row pix_particles_check=&#8221;&#8221; css=&#8221;.vc_custom_1725224572152{margin-top: -20px !important;}&#8221;][vc_column][vc_btn title=&#8221;MANUAL DE INTERVENTOR\u00cdA Y SUPERVISI\u00d3N UNIDAD ADMINISTRATIVA ESPECIAL DE REHABILITACI\u00d3N Y MANTENIMIENTO VIAL. Descargar&#8221; style=&#8221;gradient-custom&#8221; gradient_custom_color_1=&#8221;#e01930&#8243; gradient_custom_color_2=&#8221;#a9b71b&#8221; size=&#8221;lg&#8221; align=&#8221;center&#8221; i_icon_fontawesome=&#8221;&#8221; button_block=&#8221;true&#8221; add_icon=&#8221;true&#8221; link=&#8221;url:https%3A%2F%2Fwww.umv.gov.co%2Fportal%2Fwp-content%2Fuploads%2F2021%2F12%2FGCON-MA-002-V9-Manual-Interventoria-y-Supervision.docx|target:_blank&#8221;][vc_column_text]De conformidad con el Manual de Contrataci\u00f3n expedido por la Unidad Administrativa Especial&#8230;","protected":false},"author":1,"featured_media":0,"parent":0,"menu_order":0,"comment_status":"closed","ping_status":"closed","template":"","meta":{"_monsterinsights_skip_tracking":false,"_monsterinsights_sitenote_active":false,"_monsterinsights_sitenote_note":"","_monsterinsights_sitenote_category":0,"footnotes":""},"class_list":["post-10206","page","type-page","status-publish","hentry"],"_links":{"self":[{"href":"https:\/\/www.umv.gov.co\/portal\/wp-json\/wp\/v2\/pages\/10206","targetHints":{"allow":["GET"]}}],"collection":[{"href":"https:\/\/www.umv.gov.co\/portal\/wp-json\/wp\/v2\/pages"}],"about":[{"href":"https:\/\/www.umv.gov.co\/portal\/wp-json\/wp\/v2\/types\/page"}],"author":[{"embeddable":true,"href":"https:\/\/www.umv.gov.co\/portal\/wp-json\/wp\/v2\/users\/1"}],"replies":[{"embeddable":true,"href":"https:\/\/www.umv.gov.co\/portal\/wp-json\/wp\/v2\/comments?post=10206"}],"version-history":[{"count":0,"href":"https:\/\/www.umv.gov.co\/portal\/wp-json\/wp\/v2\/pages\/10206\/revisions"}],"wp:attachment":[{"href":"https:\/\/www.umv.gov.co\/portal\/wp-json\/wp\/v2\/media?parent=10206"}],"curies":[{"name":"wp","href":"https:\/\/api.w.org\/{rel}","templated":true}]}}